{"id":728,"date":"2024-08-21T21:07:36","date_gmt":"2024-08-21T19:07:36","guid":{"rendered":"https:\/\/viktoria-schule-schoenberg.de\/?page_id=728"},"modified":"2025-08-21T11:18:25","modified_gmt":"2025-08-21T09:18:25","slug":"einschulung","status":"publish","type":"page","link":"https:\/\/viktoria-schule-schoenberg.de\/?page_id=728","title":{"rendered":"Einschulung"},"content":{"rendered":"\t\t<div data-elementor-type=\"wp-page\" data-elementor-id=\"728\" class=\"elementor elementor-728\" data-elementor-post-type=\"page\">\n\t\t\t\t<div class=\"elementor-element elementor-element-04e61ce e-flex e-con-boxed e-con e-parent\" data-id=\"04e61ce\" data-element_type=\"container\" data-e-type=\"container\">\n\t\t\t\t\t<div class=\"e-con-inner\">\n\t\t\t\t<div class=\"elementor-element elementor-element-1918fc6 elementor-widget elementor-widget-video\" data-id=\"1918fc6\" data-element_type=\"widget\" data-e-type=\"widget\" data-settings=\"{&quot;video_type&quot;:&quot;hosted&quot;,&quot;autoplay&quot;:&quot;yes&quot;,&quot;mute&quot;:&quot;yes&quot;,&quot;controls&quot;:&quot;yes&quot;}\" data-widget_type=\"video.default\">\n\t\t\t\t<div class=\"elementor-widget-container\">\n\t\t\t\t\t\t\t<div class=\"e-hosted-video elementor-wrapper elementor-open-inline\">\n\t\t\t\t\t<video class=\"elementor-video\" src=\"https:\/\/viktoria-schule-schoenberg.de\/wp-content\/uploads\/2024\/08\/My_Stop_Motion_Movie-mini.mov\" autoplay=\"\" controls=\"\" muted=\"muted\" controlsList=\"nodownload\"><\/video>\n\t\t\t\t<\/div>\n\t\t\t\t\t\t<\/div>\n\t\t\t\t<\/div>\n\t\t\t\t\t<\/div>\n\t\t\t\t<\/div>\n\t\t<div class=\"elementor-element elementor-element-753c119 e-flex e-con-boxed e-con e-parent\" data-id=\"753c119\" data-element_type=\"container\" data-e-type=\"container\">\n\t\t\t\t\t<div class=\"e-con-inner\">\n\t\t\t\t<div class=\"elementor-element elementor-element-3df416d elementor-widget elementor-widget-text-editor\" data-id=\"3df416d\" data-element_type=\"widget\" data-e-type=\"widget\" data-widget_type=\"text-editor.default\">\n\t\t\t\t<div class=\"elementor-widget-container\">\n\t\t\t\t\t\t\t\t\t<p style=\"text-align: center;\">Alle Informationen zur Einschulung 2026 finden Sie <a href=\"https:\/\/viktoria-schule-schoenberg.de\/wp-content\/uploads\/2025\/08\/Fahrplan-Schulanmeldung-2026-27-1.pdf\">hier<\/a>.<\/p><p style=\"text-align: center;\">Sie finden hier unser <a href=\"https:\/\/viktoria-schule-schoenberg.de\/wp-content\/uploads\/2024\/08\/1-Schulanmeldung_Stand24_VKS.pdf\">Anmeldeformular <\/a>.\u00a0<\/p><p style=\"text-align: center;\">Sehen Sie au\u00dferdem im <a href=\"https:\/\/viktoria-schule-schoenberg.de\/?page_id=181\">Kalender<\/a> aktuelle Veranstaltungen.<\/p><p style=\"text-align: center;\">Hier finden Sie den <a href=\"https:\/\/viktoria-schule-schoenberg.de\/wp-content\/uploads\/2024\/08\/2024-07-23-Schulweg-Einschulungsheft_Flyer.pdf\">Flyer<\/a> zu &#8222;Selbstst\u00e4ndig und sicher zur Schule&#8220;.<\/p><p style=\"text-align: center;\">Bitte schauen Sie f\u00fcr weitere Informationen auf den Schulwegeplan im <a href=\"https:\/\/viktoria-schule-schoenberg.de\/?page_id=233\">Downloadcenter<\/a>.\u00a0<\/p>\t\t\t\t\t\t\t\t<\/div>\n\t\t\t\t<\/div>\n\t\t\t\t\t<\/div>\n\t\t\t\t<\/div>\n\t\t\t\t<\/div>\n\t\t","protected":false},"excerpt":{"rendered":"<p>https:\/\/viktoria-schule-schoenberg.de\/wp-content\/uploads\/2024\/08\/My_Stop_Motion_Movie-mini.mov Alle Informationen zur Einschulung 2026 finden Sie hier. Sie finden hier unser Anmeldeformular .\u00a0 Sehen Sie au\u00dferdem im Kalender aktuelle Veranstaltungen. Hier finden Sie den Flyer zu &#8222;Selbstst\u00e4ndig und sicher zur Schule&#8220;. Bitte schauen Sie f\u00fcr weitere Informationen auf den Schulwegeplan im Downloadcenter.\u00a0<\/p>\n","protected":false},"author":2,"featured_media":0,"parent":229,"menu_order":1,"comment_status":"closed","ping_status":"closed","template":"","meta":{"footnotes":""},"class_list":["post-728","page","type-page","status-publish","hentry","entry"],"yoast_head":"<!-- This site is optimized with the Yoast SEO plugin v27.1.1 - https:\/\/yoast.com\/product\/yoast-seo-wordpress\/ -->\n<title>Einschulung - Viktoria Schule Sch\u00f6nberg<\/title>\n<meta name=\"robots\" content=\"index, follow, max-snippet:-1, max-image-preview:large, max-video-preview:-1\" \/>\n<link rel=\"canonical\" href=\"https:\/\/viktoria-schule-schoenberg.de\/?page_id=728\" \/>\n<meta property=\"og:locale\" content=\"de_DE\" \/>\n<meta property=\"og:type\" content=\"article\" \/>\n<meta property=\"og:title\" content=\"Einschulung - Viktoria Schule Sch\u00f6nberg\" \/>\n<meta property=\"og:description\" content=\"https:\/\/viktoria-schule-schoenberg.de\/wp-content\/uploads\/2024\/08\/My_Stop_Motion_Movie-mini.mov Alle Informationen zur Einschulung 2026 finden Sie hier. Sie finden hier unser Anmeldeformular .\u00a0 Sehen Sie au\u00dferdem im Kalender aktuelle Veranstaltungen. Hier finden Sie den Flyer zu &#8222;Selbstst\u00e4ndig und sicher zur Schule&#8220;. Bitte schauen Sie f\u00fcr weitere Informationen auf den Schulwegeplan im Downloadcenter.\u00a0\" \/>\n<meta property=\"og:url\" content=\"https:\/\/viktoria-schule-schoenberg.de\/?page_id=728\" \/>\n<meta property=\"og:site_name\" content=\"Viktoria Schule Sch\u00f6nberg\" \/>\n<meta property=\"article:modified_time\" content=\"2025-08-21T09:18:25+00:00\" \/>\n<meta name=\"twitter:card\" content=\"summary_large_image\" \/>\n<meta name=\"twitter:label1\" content=\"Gesch\u00e4tzte Lesezeit\" \/>\n\t<meta name=\"twitter:data1\" content=\"1\u00a0Minute\" \/>\n<script type=\"application\/ld+json\" class=\"yoast-schema-graph\">{\"@context\":\"https:\/\/schema.org\",\"@graph\":[{\"@type\":\"WebPage\",\"@id\":\"https:\/\/viktoria-schule-schoenberg.de\/?page_id=728\",\"url\":\"https:\/\/viktoria-schule-schoenberg.de\/?page_id=728\",\"name\":\"Einschulung - Viktoria Schule Sch\u00f6nberg\",\"isPartOf\":{\"@id\":\"https:\/\/viktoria-schule-schoenberg.de\/#website\"},\"datePublished\":\"2024-08-21T19:07:36+00:00\",\"dateModified\":\"2025-08-21T09:18:25+00:00\",\"breadcrumb\":{\"@id\":\"https:\/\/viktoria-schule-schoenberg.de\/?page_id=728#breadcrumb\"},\"inLanguage\":\"de\",\"potentialAction\":[{\"@type\":\"ReadAction\",\"target\":[\"https:\/\/viktoria-schule-schoenberg.de\/?page_id=728\"]}]},{\"@type\":\"BreadcrumbList\",\"@id\":\"https:\/\/viktoria-schule-schoenberg.de\/?page_id=728#breadcrumb\",\"itemListElement\":[{\"@type\":\"ListItem\",\"position\":1,\"name\":\"Startseite\",\"item\":\"https:\/\/viktoria-schule-schoenberg.de\/\"},{\"@type\":\"ListItem\",\"position\":2,\"name\":\"Eltern\",\"item\":\"https:\/\/viktoria-schule-schoenberg.de\/?page_id=229\"},{\"@type\":\"ListItem\",\"position\":3,\"name\":\"Einschulung\"}]},{\"@type\":\"WebSite\",\"@id\":\"https:\/\/viktoria-schule-schoenberg.de\/#website\",\"url\":\"https:\/\/viktoria-schule-schoenberg.de\/\",\"name\":\"Viktoria Schule Sch\u00f6nberg\",\"description\":\"\",\"potentialAction\":[{\"@type\":\"SearchAction\",\"target\":{\"@type\":\"EntryPoint\",\"urlTemplate\":\"https:\/\/viktoria-schule-schoenberg.de\/?s={search_term_string}\"},\"query-input\":{\"@type\":\"PropertyValueSpecification\",\"valueRequired\":true,\"valueName\":\"search_term_string\"}}],\"inLanguage\":\"de\"}]}<\/script>\n<!-- \/ Yoast SEO plugin. -->","yoast_head_json":{"title":"Einschulung - Viktoria Schule Sch\u00f6nberg","robots":{"index":"index","follow":"follow","max-snippet":"max-snippet:-1","max-image-preview":"max-image-preview:large","max-video-preview":"max-video-preview:-1"},"canonical":"https:\/\/viktoria-schule-schoenberg.de\/?page_id=728","og_locale":"de_DE","og_type":"article","og_title":"Einschulung - Viktoria Schule Sch\u00f6nberg","og_description":"https:\/\/viktoria-schule-schoenberg.de\/wp-content\/uploads\/2024\/08\/My_Stop_Motion_Movie-mini.mov Alle Informationen zur Einschulung 2026 finden Sie hier. Sie finden hier unser Anmeldeformular .\u00a0 Sehen Sie au\u00dferdem im Kalender aktuelle Veranstaltungen. Hier finden Sie den Flyer zu &#8222;Selbstst\u00e4ndig und sicher zur Schule&#8220;. Bitte schauen Sie f\u00fcr weitere Informationen auf den Schulwegeplan im Downloadcenter.\u00a0","og_url":"https:\/\/viktoria-schule-schoenberg.de\/?page_id=728","og_site_name":"Viktoria Schule Sch\u00f6nberg","article_modified_time":"2025-08-21T09:18:25+00:00","twitter_card":"summary_large_image","twitter_misc":{"Gesch\u00e4tzte Lesezeit":"1\u00a0Minute"},"schema":{"@context":"https:\/\/schema.org","@graph":[{"@type":"WebPage","@id":"https:\/\/viktoria-schule-schoenberg.de\/?page_id=728","url":"https:\/\/viktoria-schule-schoenberg.de\/?page_id=728","name":"Einschulung - Viktoria Schule Sch\u00f6nberg","isPartOf":{"@id":"https:\/\/viktoria-schule-schoenberg.de\/#website"},"datePublished":"2024-08-21T19:07:36+00:00","dateModified":"2025-08-21T09:18:25+00:00","breadcrumb":{"@id":"https:\/\/viktoria-schule-schoenberg.de\/?page_id=728#breadcrumb"},"inLanguage":"de","potentialAction":[{"@type":"ReadAction","target":["https:\/\/viktoria-schule-schoenberg.de\/?page_id=728"]}]},{"@type":"BreadcrumbList","@id":"https:\/\/viktoria-schule-schoenberg.de\/?page_id=728#breadcrumb","itemListElement":[{"@type":"ListItem","position":1,"name":"Startseite","item":"https:\/\/viktoria-schule-schoenberg.de\/"},{"@type":"ListItem","position":2,"name":"Eltern","item":"https:\/\/viktoria-schule-schoenberg.de\/?page_id=229"},{"@type":"ListItem","position":3,"name":"Einschulung"}]},{"@type":"WebSite","@id":"https:\/\/viktoria-schule-schoenberg.de\/#website","url":"https:\/\/viktoria-schule-schoenberg.de\/","name":"Viktoria Schule Sch\u00f6nberg","description":"","potentialAction":[{"@type":"SearchAction","target":{"@type":"EntryPoint","urlTemplate":"https:\/\/viktoria-schule-schoenberg.de\/?s={search_term_string}"},"query-input":{"@type":"PropertyValueSpecification","valueRequired":true,"valueName":"search_term_string"}}],"inLanguage":"de"}]}},"_links":{"self":[{"href":"https:\/\/viktoria-schule-schoenberg.de\/index.php?rest_route=\/wp\/v2\/pages\/728","targetHints":{"allow":["GET"]}}],"collection":[{"href":"https:\/\/viktoria-schule-schoenberg.de\/index.php?rest_route=\/wp\/v2\/pages"}],"about":[{"href":"https:\/\/viktoria-schule-schoenberg.de\/index.php?rest_route=\/wp\/v2\/types\/page"}],"author":[{"embeddable":true,"href":"https:\/\/viktoria-schule-schoenberg.de\/index.php?rest_route=\/wp\/v2\/users\/2"}],"replies":[{"embeddable":true,"href":"https:\/\/viktoria-schule-schoenberg.de\/index.php?rest_route=%2Fwp%2Fv2%2Fcomments&post=728"}],"version-history":[{"count":31,"href":"https:\/\/viktoria-schule-schoenberg.de\/index.php?rest_route=\/wp\/v2\/pages\/728\/revisions"}],"predecessor-version":[{"id":1082,"href":"https:\/\/viktoria-schule-schoenberg.de\/index.php?rest_route=\/wp\/v2\/pages\/728\/revisions\/1082"}],"up":[{"embeddable":true,"href":"https:\/\/viktoria-schule-schoenberg.de\/index.php?rest_route=\/wp\/v2\/pages\/229"}],"wp:attachment":[{"href":"https:\/\/viktoria-schule-schoenberg.de\/index.php?rest_route=%2Fwp%2Fv2%2Fmedia&parent=728"}],"curies":[{"name":"wp","href":"https:\/\/api.w.org\/{rel}","templated":true}]}}