{"id":493,"date":"2024-08-16T11:11:19","date_gmt":"2024-08-16T11:11:19","guid":{"rendered":"https:\/\/viktoria-schule-schoenberg.de\/?page_id=493"},"modified":"2025-10-15T11:51:54","modified_gmt":"2025-10-15T09:51:54","slug":"medienbildungskonzept","status":"publish","type":"page","link":"https:\/\/viktoria-schule-schoenberg.de\/?page_id=493","title":{"rendered":"Medienbildungskonzept"},"content":{"rendered":"\t\t<div data-elementor-type=\"wp-page\" data-elementor-id=\"493\" class=\"elementor elementor-493\" data-elementor-post-type=\"page\">\n\t\t\t\t<div class=\"elementor-element elementor-element-531686b e-flex e-con-boxed e-con e-parent\" data-id=\"531686b\" data-element_type=\"container\" data-e-type=\"container\">\n\t\t\t\t\t<div class=\"e-con-inner\">\n\t\t\t\t<div class=\"elementor-element elementor-element-96939f5 elementor-widget elementor-widget-spacer\" data-id=\"96939f5\" data-element_type=\"widget\" data-e-type=\"widget\" data-widget_type=\"spacer.default\">\n\t\t\t\t<div class=\"elementor-widget-container\">\n\t\t\t\t\t\t\t<div class=\"elementor-spacer\">\n\t\t\t<div class=\"elementor-spacer-inner\"><\/div>\n\t\t<\/div>\n\t\t\t\t\t\t<\/div>\n\t\t\t\t<\/div>\n\t\t\t\t<div class=\"elementor-element elementor-element-7f2d412 elementor-widget elementor-widget-heading\" data-id=\"7f2d412\" data-element_type=\"widget\" data-e-type=\"widget\" data-widget_type=\"heading.default\">\n\t\t\t\t<div class=\"elementor-widget-container\">\n\t\t\t\t\t<h2 class=\"elementor-heading-title elementor-size-default\">Medienbildungskonzept\n<\/h2>\t\t\t\t<\/div>\n\t\t\t\t<\/div>\n\t\t\t\t<div class=\"elementor-element elementor-element-eb44704 elementor-widget elementor-widget-text-editor\" data-id=\"eb44704\" data-element_type=\"widget\" data-e-type=\"widget\" data-widget_type=\"text-editor.default\">\n\t\t\t\t<div class=\"elementor-widget-container\">\n\t\t\t\t\t\t\t\t\t<p>Unser Medienbildungskonzept ist fertig. Dazu haben wir in p\u00e4dagogischen Konferenzen eine Reihe an aktueller Fachliteratur zum Thema bearbeitet, denn die Digitalisierung begegnet auch unseren Sch\u00fclerinnen und Sch\u00fclern immer h\u00e4ufiger. Als Lehrkr\u00e4fte haben wir die Aufgabe, die Kinder zukunftsorientiert zu unterrichten und sie angemessen auf das Leben vorzubereiten. Insbesondere im Bildungsbereich bieten die neuen Medien eine Vielzahl an M\u00f6glichkeiten f\u00fcr digitales Lernen und Lehren. Gleichsam m\u00f6chten wir jedoch auch die Gefahren dieser neuen Welt im Auge behalten und angemessen mit den Sch\u00fclerinnen und Sch\u00fclern besprechen.<\/p><p>Das neue Medienbildungskonzept ist bei Interesse im Sekretariat einsehbar. Die Kolleginnen stellen Ihnen jedoch zu Beginn eines jeden Schuljahres die f\u00fcr das kommende Schuljahr relevanten Aspekte im Zuge des Elternabends vor.\u00a0<\/p><p>Im Jahr 2024 hat die Viktoria-Schule eine digitale Neuausstattung seitens des Schultr\u00e4gers erhalten. Die herk\u00f6mmliche Kreidetafel wurden in allen Klassenr\u00e4umen durch moderne Active-Boards ersetzt, welche zus\u00e4tzlich zwei Whiteboardfl\u00fcgel haben. Auf dem Active-Board k\u00f6nnen nicht nur die \u00fcblichen Tafelanschriften gemacht werden, sondern es lassen sich auch verschiedene Lern-Apps abspielen, Filme anschauen und Sch\u00fclerarbeiten pr\u00e4sentieren.<\/p><p>Zus\u00e4tzlich zu den Active-Boards stehen den Sch\u00fclerinnen und Sch\u00fclern in jedem Klassenraum Tablets zur Verf\u00fcgung. Diese werden vor allem genutzt, um Lerninhalte zu vertiefen, Kleingruppenf\u00f6rderung zu betreiben, Sprachbarrieren zu \u00fcberwinden oder sie werden wie bisher unsere Desktop-Computer im Unterricht f\u00fcr Recherchen eingesetzt.<\/p><p>Wir legen Ihnen zu diesem Thema ans Herz, die Homepage der Beratungsstelle Jugend und Medien in Hessen zu besuchen: <a href=\"https:\/\/digitale-schule.hessen.de\/digitale-kompetenzen\/beratungsstelle-jugend-und-medien-hessen\">Beratungsstelle Jugend und Medien Hessen | Digitale Schule Hessen<\/a><\/p><p>Das Thema Smartphone-Schutzzone ist uns besonders wichtig: <a href=\"https:\/\/kultus.hessen.de\/smartphone-schutzzonen\">Smartphone-Schutzzonen | kultus.hessen.de<\/a><\/p>\t\t\t\t\t\t\t\t<\/div>\n\t\t\t\t<\/div>\n\t\t\t\t\t<\/div>\n\t\t\t\t<\/div>\n\t\t\t\t<\/div>\n\t\t","protected":false},"excerpt":{"rendered":"<p>Medienbildungskonzept Unser Medienbildungskonzept ist fertig. Dazu haben wir in p\u00e4dagogischen Konferenzen eine Reihe an aktueller Fachliteratur zum Thema bearbeitet, denn die Digitalisierung begegnet auch unseren Sch\u00fclerinnen und Sch\u00fclern immer h\u00e4ufiger. Als Lehrkr\u00e4fte haben wir die Aufgabe, die Kinder zukunftsorientiert zu unterrichten und sie angemessen auf das Leben vorzubereiten. Insbesondere im Bildungsbereich bieten die neuen Medien [&hellip;]<\/p>\n","protected":false},"author":1,"featured_media":0,"parent":0,"menu_order":0,"comment_status":"closed","ping_status":"closed","template":"","meta":{"footnotes":""},"class_list":["post-493","page","type-page","status-publish","hentry","entry"],"yoast_head":"<!-- This site is optimized with the Yoast SEO plugin v27.1.1 - https:\/\/yoast.com\/product\/yoast-seo-wordpress\/ -->\n<title>Medienbildungskonzept - Viktoria Schule Sch\u00f6nberg<\/title>\n<meta name=\"robots\" content=\"index, follow, max-snippet:-1, max-image-preview:large, max-video-preview:-1\" \/>\n<link rel=\"canonical\" href=\"https:\/\/viktoria-schule-schoenberg.de\/?page_id=493\" \/>\n<meta property=\"og:locale\" content=\"de_DE\" \/>\n<meta property=\"og:type\" content=\"article\" \/>\n<meta property=\"og:title\" content=\"Medienbildungskonzept - Viktoria Schule Sch\u00f6nberg\" \/>\n<meta property=\"og:description\" content=\"Medienbildungskonzept Unser Medienbildungskonzept ist fertig. Dazu haben wir in p\u00e4dagogischen Konferenzen eine Reihe an aktueller Fachliteratur zum Thema bearbeitet, denn die Digitalisierung begegnet auch unseren Sch\u00fclerinnen und Sch\u00fclern immer h\u00e4ufiger. Als Lehrkr\u00e4fte haben wir die Aufgabe, die Kinder zukunftsorientiert zu unterrichten und sie angemessen auf das Leben vorzubereiten. Insbesondere im Bildungsbereich bieten die neuen Medien [&hellip;]\" \/>\n<meta property=\"og:url\" content=\"https:\/\/viktoria-schule-schoenberg.de\/?page_id=493\" \/>\n<meta property=\"og:site_name\" content=\"Viktoria Schule Sch\u00f6nberg\" \/>\n<meta property=\"article:modified_time\" content=\"2025-10-15T09:51:54+00:00\" \/>\n<meta name=\"twitter:card\" content=\"summary_large_image\" \/>\n<meta name=\"twitter:label1\" content=\"Gesch\u00e4tzte Lesezeit\" \/>\n\t<meta name=\"twitter:data1\" content=\"2\u00a0Minuten\" \/>\n<script type=\"application\/ld+json\" class=\"yoast-schema-graph\">{\"@context\":\"https:\/\/schema.org\",\"@graph\":[{\"@type\":\"WebPage\",\"@id\":\"https:\/\/viktoria-schule-schoenberg.de\/?page_id=493\",\"url\":\"https:\/\/viktoria-schule-schoenberg.de\/?page_id=493\",\"name\":\"Medienbildungskonzept - Viktoria Schule Sch\u00f6nberg\",\"isPartOf\":{\"@id\":\"https:\/\/viktoria-schule-schoenberg.de\/#website\"},\"datePublished\":\"2024-08-16T11:11:19+00:00\",\"dateModified\":\"2025-10-15T09:51:54+00:00\",\"breadcrumb\":{\"@id\":\"https:\/\/viktoria-schule-schoenberg.de\/?page_id=493#breadcrumb\"},\"inLanguage\":\"de\",\"potentialAction\":[{\"@type\":\"ReadAction\",\"target\":[\"https:\/\/viktoria-schule-schoenberg.de\/?page_id=493\"]}]},{\"@type\":\"BreadcrumbList\",\"@id\":\"https:\/\/viktoria-schule-schoenberg.de\/?page_id=493#breadcrumb\",\"itemListElement\":[{\"@type\":\"ListItem\",\"position\":1,\"name\":\"Startseite\",\"item\":\"https:\/\/viktoria-schule-schoenberg.de\/\"},{\"@type\":\"ListItem\",\"position\":2,\"name\":\"Medienbildungskonzept\"}]},{\"@type\":\"WebSite\",\"@id\":\"https:\/\/viktoria-schule-schoenberg.de\/#website\",\"url\":\"https:\/\/viktoria-schule-schoenberg.de\/\",\"name\":\"Viktoria Schule Sch\u00f6nberg\",\"description\":\"\",\"potentialAction\":[{\"@type\":\"SearchAction\",\"target\":{\"@type\":\"EntryPoint\",\"urlTemplate\":\"https:\/\/viktoria-schule-schoenberg.de\/?s={search_term_string}\"},\"query-input\":{\"@type\":\"PropertyValueSpecification\",\"valueRequired\":true,\"valueName\":\"search_term_string\"}}],\"inLanguage\":\"de\"}]}<\/script>\n<!-- \/ Yoast SEO plugin. -->","yoast_head_json":{"title":"Medienbildungskonzept - Viktoria Schule Sch\u00f6nberg","robots":{"index":"index","follow":"follow","max-snippet":"max-snippet:-1","max-image-preview":"max-image-preview:large","max-video-preview":"max-video-preview:-1"},"canonical":"https:\/\/viktoria-schule-schoenberg.de\/?page_id=493","og_locale":"de_DE","og_type":"article","og_title":"Medienbildungskonzept - Viktoria Schule Sch\u00f6nberg","og_description":"Medienbildungskonzept Unser Medienbildungskonzept ist fertig. Dazu haben wir in p\u00e4dagogischen Konferenzen eine Reihe an aktueller Fachliteratur zum Thema bearbeitet, denn die Digitalisierung begegnet auch unseren Sch\u00fclerinnen und Sch\u00fclern immer h\u00e4ufiger. Als Lehrkr\u00e4fte haben wir die Aufgabe, die Kinder zukunftsorientiert zu unterrichten und sie angemessen auf das Leben vorzubereiten. Insbesondere im Bildungsbereich bieten die neuen Medien [&hellip;]","og_url":"https:\/\/viktoria-schule-schoenberg.de\/?page_id=493","og_site_name":"Viktoria Schule Sch\u00f6nberg","article_modified_time":"2025-10-15T09:51:54+00:00","twitter_card":"summary_large_image","twitter_misc":{"Gesch\u00e4tzte Lesezeit":"2\u00a0Minuten"},"schema":{"@context":"https:\/\/schema.org","@graph":[{"@type":"WebPage","@id":"https:\/\/viktoria-schule-schoenberg.de\/?page_id=493","url":"https:\/\/viktoria-schule-schoenberg.de\/?page_id=493","name":"Medienbildungskonzept - Viktoria Schule Sch\u00f6nberg","isPartOf":{"@id":"https:\/\/viktoria-schule-schoenberg.de\/#website"},"datePublished":"2024-08-16T11:11:19+00:00","dateModified":"2025-10-15T09:51:54+00:00","breadcrumb":{"@id":"https:\/\/viktoria-schule-schoenberg.de\/?page_id=493#breadcrumb"},"inLanguage":"de","potentialAction":[{"@type":"ReadAction","target":["https:\/\/viktoria-schule-schoenberg.de\/?page_id=493"]}]},{"@type":"BreadcrumbList","@id":"https:\/\/viktoria-schule-schoenberg.de\/?page_id=493#breadcrumb","itemListElement":[{"@type":"ListItem","position":1,"name":"Startseite","item":"https:\/\/viktoria-schule-schoenberg.de\/"},{"@type":"ListItem","position":2,"name":"Medienbildungskonzept"}]},{"@type":"WebSite","@id":"https:\/\/viktoria-schule-schoenberg.de\/#website","url":"https:\/\/viktoria-schule-schoenberg.de\/","name":"Viktoria Schule Sch\u00f6nberg","description":"","potentialAction":[{"@type":"SearchAction","target":{"@type":"EntryPoint","urlTemplate":"https:\/\/viktoria-schule-schoenberg.de\/?s={search_term_string}"},"query-input":{"@type":"PropertyValueSpecification","valueRequired":true,"valueName":"search_term_string"}}],"inLanguage":"de"}]}},"_links":{"self":[{"href":"https:\/\/viktoria-schule-schoenberg.de\/index.php?rest_route=\/wp\/v2\/pages\/493","targetHints":{"allow":["GET"]}}],"collection":[{"href":"https:\/\/viktoria-schule-schoenberg.de\/index.php?rest_route=\/wp\/v2\/pages"}],"about":[{"href":"https:\/\/viktoria-schule-schoenberg.de\/index.php?rest_route=\/wp\/v2\/types\/page"}],"author":[{"embeddable":true,"href":"https:\/\/viktoria-schule-schoenberg.de\/index.php?rest_route=\/wp\/v2\/users\/1"}],"replies":[{"embeddable":true,"href":"https:\/\/viktoria-schule-schoenberg.de\/index.php?rest_route=%2Fwp%2Fv2%2Fcomments&post=493"}],"version-history":[{"count":16,"href":"https:\/\/viktoria-schule-schoenberg.de\/index.php?rest_route=\/wp\/v2\/pages\/493\/revisions"}],"predecessor-version":[{"id":1096,"href":"https:\/\/viktoria-schule-schoenberg.de\/index.php?rest_route=\/wp\/v2\/pages\/493\/revisions\/1096"}],"wp:attachment":[{"href":"https:\/\/viktoria-schule-schoenberg.de\/index.php?rest_route=%2Fwp%2Fv2%2Fmedia&parent=493"}],"curies":[{"name":"wp","href":"https:\/\/api.w.org\/{rel}","templated":true}]}}