{"id":381,"date":"2024-08-15T14:37:51","date_gmt":"2024-08-15T14:37:51","guid":{"rendered":"https:\/\/viktoria-schule-schoenberg.de\/?page_id=381"},"modified":"2024-08-22T12:24:00","modified_gmt":"2024-08-22T10:24:00","slug":"ubergang-klasse-5","status":"publish","type":"page","link":"https:\/\/viktoria-schule-schoenberg.de\/?page_id=381","title":{"rendered":"\u00dcbergang in die 5.Klasse"},"content":{"rendered":"\t\t<div data-elementor-type=\"wp-page\" data-elementor-id=\"381\" class=\"elementor elementor-381\" data-elementor-post-type=\"page\">\n\t\t\t\t<div class=\"elementor-element elementor-element-9440486 e-flex e-con-boxed e-con e-parent\" data-id=\"9440486\" data-element_type=\"container\" data-e-type=\"container\">\n\t\t\t\t\t<div class=\"e-con-inner\">\n\t\t\t\t<div class=\"elementor-element elementor-element-4d76c81 elementor-widget elementor-widget-spacer\" data-id=\"4d76c81\" data-element_type=\"widget\" data-e-type=\"widget\" data-widget_type=\"spacer.default\">\n\t\t\t\t<div class=\"elementor-widget-container\">\n\t\t\t\t\t\t\t<div class=\"elementor-spacer\">\n\t\t\t<div class=\"elementor-spacer-inner\"><\/div>\n\t\t<\/div>\n\t\t\t\t\t\t<\/div>\n\t\t\t\t<\/div>\n\t\t\t\t<div class=\"elementor-element elementor-element-ef95147 elementor-widget elementor-widget-heading\" data-id=\"ef95147\" data-element_type=\"widget\" data-e-type=\"widget\" data-widget_type=\"heading.default\">\n\t\t\t\t<div class=\"elementor-widget-container\">\n\t\t\t\t\t<h2 class=\"elementor-heading-title elementor-size-default\">\u00dcbergang in die Klasse 5<\/h2>\t\t\t\t<\/div>\n\t\t\t\t<\/div>\n\t\t\t\t<div class=\"elementor-element elementor-element-650fc68 elementor-widget elementor-widget-text-editor\" data-id=\"650fc68\" data-element_type=\"widget\" data-e-type=\"widget\" data-widget_type=\"text-editor.default\">\n\t\t\t\t<div class=\"elementor-widget-container\">\n\t\t\t\t\t\t\t\t\t<p>Nach der vierten Klasse wechseln Kinder in Deutschland an weiterf\u00fchrende Schulen. Das Angebot an verschiedenen Bildungsg\u00e4ngen ist vielf\u00e4ltig. Eltern sollten sich gemeinsam mit ihren Kindern \u00fcber die verschiedenen M\u00f6glichkeiten informieren.<\/p><p>\u00a0<\/p><p>Hier sind einige Schritte, die Sie beachten sollten:<\/p><p>1. Informationsveranstaltung:\u00a0In der Regel findet im November ein Informationsabend statt, bei dem Vertreter von weiterf\u00fchrenden Schulen \u00fcber die verschiedenen Bildungsg\u00e4nge und p\u00e4dagogischen Profile informieren. Dieser Informationsabend findet in der Regel aus Gr\u00fcnden der r\u00e4umlichen Gegebenheiten an der Grundschule Sch\u00f6ne Aussicht statt.<br \/>2. Beratungsgespr\u00e4ch:\u00a0Nach den Halbjahreszeugnissen l\u00e4dt die Klassenlehrkraft zu einem Beratungsgespr\u00e4ch ein. Die Lehrkraft gibt eine Empfehlung, die jedoch nicht bindend ist. Elternw\u00fcnsche sind entscheidend f\u00fcr die Anmeldung.<br \/>3. Anmeldung:\u00a0Anschlie\u00dfend erhalten Sie das Anmeldeformular, das Sie bis zum 1. M\u00e4rz bei der Klassenlehrkraft Ihres Kindes abgeben m\u00fcssen.<br \/>4. Klassenkonferenz:\u00a0Falls die Klassenkonferenz keine dem Elternwunsch entsprechende Empfehlung aussprechen kann, wird ein erneuter Beratungstermin angeboten.<\/p><p><br \/>F\u00fcr weitere Informationen empfehlen wir folgenden Link: <br \/><a href=\"https:\/\/kultus.hessen.de\/schulsystem\/schulformen-und-bildungsgaenge\/grundschule\/uebergang-von-4-nach-5\" target=\"_blank\" rel=\"noopener\">https:\/\/kultus.hessen.de\/schulsystem\/schulformen-und-bildungsgaenge\/grundschule\/uebergang-von-4-nach-5<\/a><\/p><p>Bitte haben Sie Verst\u00e4ndnis, dass wenn Sie als getrenntlebende Eltern gemeinsames Sorgerecht innehaben, Sie diese Entscheidung gemeinsam treffen m\u00fcssen. Die Lehrkraft ber\u00e4t Sie beide entsprechend, kann aber nicht in die Rolle eines Schiedsrichters gebracht werden.<\/p><p>Ich hoffe, diese Informationen sind hilfreich f\u00fcr Sie und Ihr Kind!\u00a0 <\/p>\t\t\t\t\t\t\t\t<\/div>\n\t\t\t\t<\/div>\n\t\t\t\t\t<\/div>\n\t\t\t\t<\/div>\n\t\t\t\t<\/div>\n\t\t","protected":false},"excerpt":{"rendered":"<p>\u00dcbergang in die Klasse 5 Nach der vierten Klasse wechseln Kinder in Deutschland an weiterf\u00fchrende Schulen. Das Angebot an verschiedenen Bildungsg\u00e4ngen ist vielf\u00e4ltig. Eltern sollten sich gemeinsam mit ihren Kindern \u00fcber die verschiedenen M\u00f6glichkeiten informieren. \u00a0 Hier sind einige Schritte, die Sie beachten sollten: 1. Informationsveranstaltung:\u00a0In der Regel findet im November ein Informationsabend statt, bei [&hellip;]<\/p>\n","protected":false},"author":1,"featured_media":0,"parent":0,"menu_order":0,"comment_status":"closed","ping_status":"closed","template":"","meta":{"footnotes":""},"class_list":["post-381","page","type-page","status-publish","hentry","entry"],"yoast_head":"<!-- This site is optimized with the Yoast SEO plugin v27.1.1 - https:\/\/yoast.com\/product\/yoast-seo-wordpress\/ -->\n<title>\u00dcbergang in die 5.Klasse - Viktoria Schule Sch\u00f6nberg<\/title>\n<meta name=\"robots\" content=\"index, follow, max-snippet:-1, max-image-preview:large, max-video-preview:-1\" \/>\n<link rel=\"canonical\" href=\"https:\/\/viktoria-schule-schoenberg.de\/?page_id=381\" \/>\n<meta property=\"og:locale\" content=\"de_DE\" \/>\n<meta property=\"og:type\" content=\"article\" \/>\n<meta property=\"og:title\" content=\"\u00dcbergang in die 5.Klasse - Viktoria Schule Sch\u00f6nberg\" \/>\n<meta property=\"og:description\" content=\"\u00dcbergang in die Klasse 5 Nach der vierten Klasse wechseln Kinder in Deutschland an weiterf\u00fchrende Schulen. Das Angebot an verschiedenen Bildungsg\u00e4ngen ist vielf\u00e4ltig. Eltern sollten sich gemeinsam mit ihren Kindern \u00fcber die verschiedenen M\u00f6glichkeiten informieren. \u00a0 Hier sind einige Schritte, die Sie beachten sollten: 1. Informationsveranstaltung:\u00a0In der Regel findet im November ein Informationsabend statt, bei [&hellip;]\" \/>\n<meta property=\"og:url\" content=\"https:\/\/viktoria-schule-schoenberg.de\/?page_id=381\" \/>\n<meta property=\"og:site_name\" content=\"Viktoria Schule Sch\u00f6nberg\" \/>\n<meta property=\"article:modified_time\" content=\"2024-08-22T10:24:00+00:00\" \/>\n<meta name=\"twitter:card\" content=\"summary_large_image\" \/>\n<meta name=\"twitter:label1\" content=\"Gesch\u00e4tzte Lesezeit\" \/>\n\t<meta name=\"twitter:data1\" content=\"2\u00a0Minuten\" \/>\n<script type=\"application\/ld+json\" class=\"yoast-schema-graph\">{\"@context\":\"https:\/\/schema.org\",\"@graph\":[{\"@type\":\"WebPage\",\"@id\":\"https:\/\/viktoria-schule-schoenberg.de\/?page_id=381\",\"url\":\"https:\/\/viktoria-schule-schoenberg.de\/?page_id=381\",\"name\":\"\u00dcbergang in die 5.Klasse - Viktoria Schule Sch\u00f6nberg\",\"isPartOf\":{\"@id\":\"https:\/\/viktoria-schule-schoenberg.de\/#website\"},\"datePublished\":\"2024-08-15T14:37:51+00:00\",\"dateModified\":\"2024-08-22T10:24:00+00:00\",\"breadcrumb\":{\"@id\":\"https:\/\/viktoria-schule-schoenberg.de\/?page_id=381#breadcrumb\"},\"inLanguage\":\"de\",\"potentialAction\":[{\"@type\":\"ReadAction\",\"target\":[\"https:\/\/viktoria-schule-schoenberg.de\/?page_id=381\"]}]},{\"@type\":\"BreadcrumbList\",\"@id\":\"https:\/\/viktoria-schule-schoenberg.de\/?page_id=381#breadcrumb\",\"itemListElement\":[{\"@type\":\"ListItem\",\"position\":1,\"name\":\"Startseite\",\"item\":\"https:\/\/viktoria-schule-schoenberg.de\/\"},{\"@type\":\"ListItem\",\"position\":2,\"name\":\"\u00dcbergang in die 5.Klasse\"}]},{\"@type\":\"WebSite\",\"@id\":\"https:\/\/viktoria-schule-schoenberg.de\/#website\",\"url\":\"https:\/\/viktoria-schule-schoenberg.de\/\",\"name\":\"Viktoria Schule Sch\u00f6nberg\",\"description\":\"\",\"potentialAction\":[{\"@type\":\"SearchAction\",\"target\":{\"@type\":\"EntryPoint\",\"urlTemplate\":\"https:\/\/viktoria-schule-schoenberg.de\/?s={search_term_string}\"},\"query-input\":{\"@type\":\"PropertyValueSpecification\",\"valueRequired\":true,\"valueName\":\"search_term_string\"}}],\"inLanguage\":\"de\"}]}<\/script>\n<!-- \/ Yoast SEO plugin. -->","yoast_head_json":{"title":"\u00dcbergang in die 5.Klasse - Viktoria Schule Sch\u00f6nberg","robots":{"index":"index","follow":"follow","max-snippet":"max-snippet:-1","max-image-preview":"max-image-preview:large","max-video-preview":"max-video-preview:-1"},"canonical":"https:\/\/viktoria-schule-schoenberg.de\/?page_id=381","og_locale":"de_DE","og_type":"article","og_title":"\u00dcbergang in die 5.Klasse - Viktoria Schule Sch\u00f6nberg","og_description":"\u00dcbergang in die Klasse 5 Nach der vierten Klasse wechseln Kinder in Deutschland an weiterf\u00fchrende Schulen. Das Angebot an verschiedenen Bildungsg\u00e4ngen ist vielf\u00e4ltig. Eltern sollten sich gemeinsam mit ihren Kindern \u00fcber die verschiedenen M\u00f6glichkeiten informieren. \u00a0 Hier sind einige Schritte, die Sie beachten sollten: 1. Informationsveranstaltung:\u00a0In der Regel findet im November ein Informationsabend statt, bei [&hellip;]","og_url":"https:\/\/viktoria-schule-schoenberg.de\/?page_id=381","og_site_name":"Viktoria Schule Sch\u00f6nberg","article_modified_time":"2024-08-22T10:24:00+00:00","twitter_card":"summary_large_image","twitter_misc":{"Gesch\u00e4tzte Lesezeit":"2\u00a0Minuten"},"schema":{"@context":"https:\/\/schema.org","@graph":[{"@type":"WebPage","@id":"https:\/\/viktoria-schule-schoenberg.de\/?page_id=381","url":"https:\/\/viktoria-schule-schoenberg.de\/?page_id=381","name":"\u00dcbergang in die 5.Klasse - Viktoria Schule Sch\u00f6nberg","isPartOf":{"@id":"https:\/\/viktoria-schule-schoenberg.de\/#website"},"datePublished":"2024-08-15T14:37:51+00:00","dateModified":"2024-08-22T10:24:00+00:00","breadcrumb":{"@id":"https:\/\/viktoria-schule-schoenberg.de\/?page_id=381#breadcrumb"},"inLanguage":"de","potentialAction":[{"@type":"ReadAction","target":["https:\/\/viktoria-schule-schoenberg.de\/?page_id=381"]}]},{"@type":"BreadcrumbList","@id":"https:\/\/viktoria-schule-schoenberg.de\/?page_id=381#breadcrumb","itemListElement":[{"@type":"ListItem","position":1,"name":"Startseite","item":"https:\/\/viktoria-schule-schoenberg.de\/"},{"@type":"ListItem","position":2,"name":"\u00dcbergang in die 5.Klasse"}]},{"@type":"WebSite","@id":"https:\/\/viktoria-schule-schoenberg.de\/#website","url":"https:\/\/viktoria-schule-schoenberg.de\/","name":"Viktoria Schule Sch\u00f6nberg","description":"","potentialAction":[{"@type":"SearchAction","target":{"@type":"EntryPoint","urlTemplate":"https:\/\/viktoria-schule-schoenberg.de\/?s={search_term_string}"},"query-input":{"@type":"PropertyValueSpecification","valueRequired":true,"valueName":"search_term_string"}}],"inLanguage":"de"}]}},"_links":{"self":[{"href":"https:\/\/viktoria-schule-schoenberg.de\/index.php?rest_route=\/wp\/v2\/pages\/381","targetHints":{"allow":["GET"]}}],"collection":[{"href":"https:\/\/viktoria-schule-schoenberg.de\/index.php?rest_route=\/wp\/v2\/pages"}],"about":[{"href":"https:\/\/viktoria-schule-schoenberg.de\/index.php?rest_route=\/wp\/v2\/types\/page"}],"author":[{"embeddable":true,"href":"https:\/\/viktoria-schule-schoenberg.de\/index.php?rest_route=\/wp\/v2\/users\/1"}],"replies":[{"embeddable":true,"href":"https:\/\/viktoria-schule-schoenberg.de\/index.php?rest_route=%2Fwp%2Fv2%2Fcomments&post=381"}],"version-history":[{"count":8,"href":"https:\/\/viktoria-schule-schoenberg.de\/index.php?rest_route=\/wp\/v2\/pages\/381\/revisions"}],"predecessor-version":[{"id":852,"href":"https:\/\/viktoria-schule-schoenberg.de\/index.php?rest_route=\/wp\/v2\/pages\/381\/revisions\/852"}],"wp:attachment":[{"href":"https:\/\/viktoria-schule-schoenberg.de\/index.php?rest_route=%2Fwp%2Fv2%2Fmedia&parent=381"}],"curies":[{"name":"wp","href":"https:\/\/api.w.org\/{rel}","templated":true}]}}