{"id":259,"date":"2024-08-15T10:11:45","date_gmt":"2024-08-15T10:11:45","guid":{"rendered":"https:\/\/viktoria-schule-schoenberg.de\/?page_id=259"},"modified":"2024-08-21T19:57:49","modified_gmt":"2024-08-21T17:57:49","slug":"startseite","status":"publish","type":"page","link":"https:\/\/viktoria-schule-schoenberg.de\/","title":{"rendered":"Startseite"},"content":{"rendered":"\t\t<div data-elementor-type=\"wp-page\" data-elementor-id=\"259\" class=\"elementor elementor-259\" data-elementor-post-type=\"page\">\n\t\t\t\t<div class=\"elementor-element elementor-element-2ad0554 e-con-full e-flex e-con e-parent\" data-id=\"2ad0554\" data-element_type=\"container\" data-e-type=\"container\" data-settings=\"{&quot;background_background&quot;:&quot;gradient&quot;}\">\n\t\t<div class=\"elementor-element elementor-element-605cd2a e-flex e-con-boxed e-con e-child\" data-id=\"605cd2a\" data-element_type=\"container\" data-e-type=\"container\" data-settings=\"{&quot;background_background&quot;:&quot;classic&quot;}\">\n\t\t\t\t\t<div class=\"e-con-inner\">\n\t\t\t\t<div class=\"elementor-element elementor-element-b94a15a elementor-widget elementor-widget-spacer\" data-id=\"b94a15a\" data-element_type=\"widget\" data-e-type=\"widget\" data-widget_type=\"spacer.default\">\n\t\t\t\t<div class=\"elementor-widget-container\">\n\t\t\t\t\t\t\t<div class=\"elementor-spacer\">\n\t\t\t<div class=\"elementor-spacer-inner\"><\/div>\n\t\t<\/div>\n\t\t\t\t\t\t<\/div>\n\t\t\t\t<\/div>\n\t\t\t\t<div class=\"elementor-element elementor-element-8e9638b elementor-widget elementor-widget-image\" data-id=\"8e9638b\" data-element_type=\"widget\" data-e-type=\"widget\" data-widget_type=\"image.default\">\n\t\t\t\t<div class=\"elementor-widget-container\">\n\t\t\t\t\t\t\t\t\t\t\t\t\t\t\t<img fetchpriority=\"high\" decoding=\"async\" width=\"1024\" height=\"576\" src=\"https:\/\/viktoria-schule-schoenberg.de\/wp-content\/uploads\/2024\/08\/FotoStartseite2.0-1024x576.png\" class=\"attachment-large size-large wp-image-315\" alt=\"\" srcset=\"https:\/\/viktoria-schule-schoenberg.de\/wp-content\/uploads\/2024\/08\/FotoStartseite2.0-1024x576.png 1024w, https:\/\/viktoria-schule-schoenberg.de\/wp-content\/uploads\/2024\/08\/FotoStartseite2.0-300x169.png 300w, https:\/\/viktoria-schule-schoenberg.de\/wp-content\/uploads\/2024\/08\/FotoStartseite2.0-768x432.png 768w, https:\/\/viktoria-schule-schoenberg.de\/wp-content\/uploads\/2024\/08\/FotoStartseite2.0-1536x864.png 1536w, https:\/\/viktoria-schule-schoenberg.de\/wp-content\/uploads\/2024\/08\/FotoStartseite2.0-800x450.png 800w, https:\/\/viktoria-schule-schoenberg.de\/wp-content\/uploads\/2024\/08\/FotoStartseite2.0.png 1920w\" sizes=\"(max-width: 1024px) 100vw, 1024px\" \/>\t\t\t\t\t\t\t\t\t\t\t\t\t\t\t<\/div>\n\t\t\t\t<\/div>\n\t\t\t\t<div class=\"elementor-element elementor-element-44a1260 elementor-widget elementor-widget-spacer\" data-id=\"44a1260\" data-element_type=\"widget\" data-e-type=\"widget\" data-widget_type=\"spacer.default\">\n\t\t\t\t<div class=\"elementor-widget-container\">\n\t\t\t\t\t\t\t<div class=\"elementor-spacer\">\n\t\t\t<div class=\"elementor-spacer-inner\"><\/div>\n\t\t<\/div>\n\t\t\t\t\t\t<\/div>\n\t\t\t\t<\/div>\n\t\t\t\t<div class=\"elementor-element elementor-element-5275b91 elementor-widget-divider--separator-type-pattern elementor-widget-divider--view-line elementor-widget elementor-widget-divider\" data-id=\"5275b91\" data-element_type=\"widget\" data-e-type=\"widget\" data-widget_type=\"divider.default\">\n\t\t\t\t<div class=\"elementor-widget-container\">\n\t\t\t\t\t\t\t<div class=\"elementor-divider\" style=\"--divider-pattern-url: url(&quot;data:image\/svg+xml,%3Csvg xmlns=&#039;http:\/\/www.w3.org\/2000\/svg&#039; preserveAspectRatio=&#039;none&#039; overflow=&#039;visible&#039; height=&#039;100%&#039; viewBox=&#039;0 0 24 24&#039; fill=&#039;none&#039; stroke=&#039;black&#039; stroke-width=&#039;1&#039; stroke-linecap=&#039;square&#039; stroke-miterlimit=&#039;10&#039;%3E%3Cpath d=&#039;M0,21c3.3,0,8.3-0.9,15.7-7.1c6.6-5.4,4.4-9.3,2.4-10.3c-3.4-1.8-7.7,1.3-7.3,8.8C11.2,20,17.1,21,24,21&#039;\/%3E%3C\/svg%3E&quot;);\">\n\t\t\t<span class=\"elementor-divider-separator\">\n\t\t\t\t\t\t<\/span>\n\t\t<\/div>\n\t\t\t\t\t\t<\/div>\n\t\t\t\t<\/div>\n\t\t\t\t\t<\/div>\n\t\t\t\t<\/div>\n\t\t\t\t<div class=\"elementor-element elementor-element-aefc006 elementor-widget elementor-widget-heading\" data-id=\"aefc006\" data-element_type=\"widget\" data-e-type=\"widget\" data-widget_type=\"heading.default\">\n\t\t\t\t<div class=\"elementor-widget-container\">\n\t\t\t\t\t<h2 class=\"elementor-heading-title elementor-size-default\">Viktoria Schule Sch\u00f6nberg<\/h2>\t\t\t\t<\/div>\n\t\t\t\t<\/div>\n\t\t\t\t<div class=\"elementor-element elementor-element-23df714 elementor-widget elementor-widget-spacer\" data-id=\"23df714\" data-element_type=\"widget\" data-e-type=\"widget\" data-widget_type=\"spacer.default\">\n\t\t\t\t<div class=\"elementor-widget-container\">\n\t\t\t\t\t\t\t<div class=\"elementor-spacer\">\n\t\t\t<div class=\"elementor-spacer-inner\"><\/div>\n\t\t<\/div>\n\t\t\t\t\t\t<\/div>\n\t\t\t\t<\/div>\n\t\t\t\t<div class=\"elementor-element elementor-element-119ca41 elementor-widget elementor-widget-heading\" data-id=\"119ca41\" data-element_type=\"widget\" data-e-type=\"widget\" data-widget_type=\"heading.default\">\n\t\t\t\t<div class=\"elementor-widget-container\">\n\t\t\t\t\t<h3 class=\"elementor-heading-title elementor-size-default\">Hallo und herzlich Willkommen auf den Seiten unserer Viktoria-Schule!<\/h3>\t\t\t\t<\/div>\n\t\t\t\t<\/div>\n\t\t<div class=\"elementor-element elementor-element-aa2a3c9 e-con-full e-flex e-con e-child\" data-id=\"aa2a3c9\" data-element_type=\"container\" data-e-type=\"container\">\n\t\t\t\t<div class=\"elementor-element elementor-element-7996e62 elementor-widget elementor-widget-text-editor\" data-id=\"7996e62\" data-element_type=\"widget\" data-e-type=\"widget\" data-widget_type=\"text-editor.default\">\n\t\t\t\t<div class=\"elementor-widget-container\">\n\t\t\t\t\t\t\t\t\t<p>Die Viktoria-Schule ist die Kleinste von drei Grundschulen der Stadt Kronberg im Taunus und befindet sich im Stadtteil Sch\u00f6nberg. Die Schule wurde urspr\u00fcnglich 1888 von Kaiserin Viktoria gestiftet. Bis in die 1960er Jahre hinein fand darin der Unterricht f\u00fcr die Sch\u00f6nberger Kinder statt. Auf Grund anwachsender Sch\u00fclerzahlen wurde im Jahr 1963 der Grundstein f\u00fcr einen Erweiterungsbau gelegt, der 1964 fertig gestellt werden konnte.<\/p><p>In den 1980er Jahren gingen die Sch\u00fclerzahlen dann so stark zur\u00fcck, dass sogar zeitweise an die Aufl\u00f6sung der Viktoria-Schule gedacht wurde. Als sich Mitte desselben Jahrzehnts die Anzahl der Sch\u00fcler stabilisierte und die Zweiz\u00fcgigkeit langfristig gesichert war, entstand die Idee f\u00fcr einen Neubau an gleicher Stelle. Seit 1993 unterrichten die Lehrer und Lehrerinnen durchschnittlich 160 Grundsch\u00fcler in den R\u00e4umen an der Friedrichstra\u00dfe.<\/p><p>Wenn Sie Ihr Kind anmelden m\u00f6chten, die bevorstehenden Termine sichten m\u00f6chten oder sich aus reiner Neugier hier befinden, m\u00f6chte ich Sie einladen, sich auf unserer Homepage einen ersten Eindruck von unserer Schule zu machen.<\/p><p>Im Namen der gesamten Viktoria-Familie gr\u00fc\u00dfen wir herzlich!<\/p><p>Annika von St\u00fcnzner-Heymann<br \/>Schulleiterin<\/p>\t\t\t\t\t\t\t\t<\/div>\n\t\t\t\t<\/div>\n\t\t\t\t<\/div>\n\t\t\t\t<\/div>\n\t\t\t\t<\/div>\n\t\t","protected":false},"excerpt":{"rendered":"<p>Viktoria Schule Sch\u00f6nberg Hallo und herzlich Willkommen auf den Seiten unserer Viktoria-Schule! Die Viktoria-Schule ist die Kleinste von drei Grundschulen der Stadt Kronberg im Taunus und befindet sich im Stadtteil Sch\u00f6nberg. Die Schule wurde urspr\u00fcnglich 1888 von Kaiserin Viktoria gestiftet. Bis in die 1960er Jahre hinein fand darin der Unterricht f\u00fcr die Sch\u00f6nberger Kinder statt. [&hellip;]<\/p>\n","protected":false},"author":1,"featured_media":0,"parent":0,"menu_order":0,"comment_status":"closed","ping_status":"closed","template":"","meta":{"footnotes":""},"class_list":["post-259","page","type-page","status-publish","hentry","entry"],"yoast_head":"<!-- This site is optimized with the Yoast SEO plugin v27.1.1 - https:\/\/yoast.com\/product\/yoast-seo-wordpress\/ -->\n<title>Startseite - Viktoria Schule Sch\u00f6nberg<\/title>\n<meta name=\"robots\" content=\"index, follow, max-snippet:-1, max-image-preview:large, max-video-preview:-1\" \/>\n<link rel=\"canonical\" href=\"https:\/\/viktoria-schule-schoenberg.de\/\" \/>\n<meta property=\"og:locale\" content=\"de_DE\" \/>\n<meta property=\"og:type\" content=\"article\" \/>\n<meta property=\"og:title\" content=\"Startseite - Viktoria Schule Sch\u00f6nberg\" \/>\n<meta property=\"og:description\" content=\"Viktoria Schule Sch\u00f6nberg Hallo und herzlich Willkommen auf den Seiten unserer Viktoria-Schule! Die Viktoria-Schule ist die Kleinste von drei Grundschulen der Stadt Kronberg im Taunus und befindet sich im Stadtteil Sch\u00f6nberg. Die Schule wurde urspr\u00fcnglich 1888 von Kaiserin Viktoria gestiftet. Bis in die 1960er Jahre hinein fand darin der Unterricht f\u00fcr die Sch\u00f6nberger Kinder statt. [&hellip;]\" \/>\n<meta property=\"og:url\" content=\"https:\/\/viktoria-schule-schoenberg.de\/\" \/>\n<meta property=\"og:site_name\" content=\"Viktoria Schule Sch\u00f6nberg\" \/>\n<meta property=\"article:modified_time\" content=\"2024-08-21T17:57:49+00:00\" \/>\n<meta property=\"og:image\" content=\"https:\/\/viktoria-schule-schoenberg.de\/wp-content\/uploads\/2024\/08\/FotoStartseite2.0-1024x576.png\" \/>\n<meta name=\"twitter:card\" content=\"summary_large_image\" \/>\n<meta name=\"twitter:label1\" content=\"Gesch\u00e4tzte Lesezeit\" \/>\n\t<meta name=\"twitter:data1\" content=\"2\u00a0Minuten\" \/>\n<script type=\"application\/ld+json\" class=\"yoast-schema-graph\">{\"@context\":\"https:\/\/schema.org\",\"@graph\":[{\"@type\":\"WebPage\",\"@id\":\"https:\/\/viktoria-schule-schoenberg.de\/\",\"url\":\"https:\/\/viktoria-schule-schoenberg.de\/\",\"name\":\"Startseite - Viktoria Schule Sch\u00f6nberg\",\"isPartOf\":{\"@id\":\"https:\/\/viktoria-schule-schoenberg.de\/#website\"},\"primaryImageOfPage\":{\"@id\":\"https:\/\/viktoria-schule-schoenberg.de\/#primaryimage\"},\"image\":{\"@id\":\"https:\/\/viktoria-schule-schoenberg.de\/#primaryimage\"},\"thumbnailUrl\":\"https:\/\/viktoria-schule-schoenberg.de\/wp-content\/uploads\/2024\/08\/FotoStartseite2.0-1024x576.png\",\"datePublished\":\"2024-08-15T10:11:45+00:00\",\"dateModified\":\"2024-08-21T17:57:49+00:00\",\"breadcrumb\":{\"@id\":\"https:\/\/viktoria-schule-schoenberg.de\/#breadcrumb\"},\"inLanguage\":\"de\",\"potentialAction\":[{\"@type\":\"ReadAction\",\"target\":[\"https:\/\/viktoria-schule-schoenberg.de\/\"]}]},{\"@type\":\"ImageObject\",\"inLanguage\":\"de\",\"@id\":\"https:\/\/viktoria-schule-schoenberg.de\/#primaryimage\",\"url\":\"https:\/\/viktoria-schule-schoenberg.de\/wp-content\/uploads\/2024\/08\/FotoStartseite2.0.png\",\"contentUrl\":\"https:\/\/viktoria-schule-schoenberg.de\/wp-content\/uploads\/2024\/08\/FotoStartseite2.0.png\",\"width\":1920,\"height\":1080},{\"@type\":\"BreadcrumbList\",\"@id\":\"https:\/\/viktoria-schule-schoenberg.de\/#breadcrumb\",\"itemListElement\":[{\"@type\":\"ListItem\",\"position\":1,\"name\":\"Startseite\",\"item\":\"https:\/\/viktoria-schule-schoenberg.de\/\"},{\"@type\":\"ListItem\",\"position\":2,\"name\":\"Startseite\"}]},{\"@type\":\"WebSite\",\"@id\":\"https:\/\/viktoria-schule-schoenberg.de\/#website\",\"url\":\"https:\/\/viktoria-schule-schoenberg.de\/\",\"name\":\"Viktoria Schule Sch\u00f6nberg\",\"description\":\"\",\"potentialAction\":[{\"@type\":\"SearchAction\",\"target\":{\"@type\":\"EntryPoint\",\"urlTemplate\":\"https:\/\/viktoria-schule-schoenberg.de\/?s={search_term_string}\"},\"query-input\":{\"@type\":\"PropertyValueSpecification\",\"valueRequired\":true,\"valueName\":\"search_term_string\"}}],\"inLanguage\":\"de\"}]}<\/script>\n<!-- \/ Yoast SEO plugin. -->","yoast_head_json":{"title":"Startseite - Viktoria Schule Sch\u00f6nberg","robots":{"index":"index","follow":"follow","max-snippet":"max-snippet:-1","max-image-preview":"max-image-preview:large","max-video-preview":"max-video-preview:-1"},"canonical":"https:\/\/viktoria-schule-schoenberg.de\/","og_locale":"de_DE","og_type":"article","og_title":"Startseite - Viktoria Schule Sch\u00f6nberg","og_description":"Viktoria Schule Sch\u00f6nberg Hallo und herzlich Willkommen auf den Seiten unserer Viktoria-Schule! Die Viktoria-Schule ist die Kleinste von drei Grundschulen der Stadt Kronberg im Taunus und befindet sich im Stadtteil Sch\u00f6nberg. Die Schule wurde urspr\u00fcnglich 1888 von Kaiserin Viktoria gestiftet. Bis in die 1960er Jahre hinein fand darin der Unterricht f\u00fcr die Sch\u00f6nberger Kinder statt. [&hellip;]","og_url":"https:\/\/viktoria-schule-schoenberg.de\/","og_site_name":"Viktoria Schule Sch\u00f6nberg","article_modified_time":"2024-08-21T17:57:49+00:00","og_image":[{"url":"https:\/\/viktoria-schule-schoenberg.de\/wp-content\/uploads\/2024\/08\/FotoStartseite2.0-1024x576.png","type":"","width":"","height":""}],"twitter_card":"summary_large_image","twitter_misc":{"Gesch\u00e4tzte Lesezeit":"2\u00a0Minuten"},"schema":{"@context":"https:\/\/schema.org","@graph":[{"@type":"WebPage","@id":"https:\/\/viktoria-schule-schoenberg.de\/","url":"https:\/\/viktoria-schule-schoenberg.de\/","name":"Startseite - Viktoria Schule Sch\u00f6nberg","isPartOf":{"@id":"https:\/\/viktoria-schule-schoenberg.de\/#website"},"primaryImageOfPage":{"@id":"https:\/\/viktoria-schule-schoenberg.de\/#primaryimage"},"image":{"@id":"https:\/\/viktoria-schule-schoenberg.de\/#primaryimage"},"thumbnailUrl":"https:\/\/viktoria-schule-schoenberg.de\/wp-content\/uploads\/2024\/08\/FotoStartseite2.0-1024x576.png","datePublished":"2024-08-15T10:11:45+00:00","dateModified":"2024-08-21T17:57:49+00:00","breadcrumb":{"@id":"https:\/\/viktoria-schule-schoenberg.de\/#breadcrumb"},"inLanguage":"de","potentialAction":[{"@type":"ReadAction","target":["https:\/\/viktoria-schule-schoenberg.de\/"]}]},{"@type":"ImageObject","inLanguage":"de","@id":"https:\/\/viktoria-schule-schoenberg.de\/#primaryimage","url":"https:\/\/viktoria-schule-schoenberg.de\/wp-content\/uploads\/2024\/08\/FotoStartseite2.0.png","contentUrl":"https:\/\/viktoria-schule-schoenberg.de\/wp-content\/uploads\/2024\/08\/FotoStartseite2.0.png","width":1920,"height":1080},{"@type":"BreadcrumbList","@id":"https:\/\/viktoria-schule-schoenberg.de\/#breadcrumb","itemListElement":[{"@type":"ListItem","position":1,"name":"Startseite","item":"https:\/\/viktoria-schule-schoenberg.de\/"},{"@type":"ListItem","position":2,"name":"Startseite"}]},{"@type":"WebSite","@id":"https:\/\/viktoria-schule-schoenberg.de\/#website","url":"https:\/\/viktoria-schule-schoenberg.de\/","name":"Viktoria Schule Sch\u00f6nberg","description":"","potentialAction":[{"@type":"SearchAction","target":{"@type":"EntryPoint","urlTemplate":"https:\/\/viktoria-schule-schoenberg.de\/?s={search_term_string}"},"query-input":{"@type":"PropertyValueSpecification","valueRequired":true,"valueName":"search_term_string"}}],"inLanguage":"de"}]}},"_links":{"self":[{"href":"https:\/\/viktoria-schule-schoenberg.de\/index.php?rest_route=\/wp\/v2\/pages\/259","targetHints":{"allow":["GET"]}}],"collection":[{"href":"https:\/\/viktoria-schule-schoenberg.de\/index.php?rest_route=\/wp\/v2\/pages"}],"about":[{"href":"https:\/\/viktoria-schule-schoenberg.de\/index.php?rest_route=\/wp\/v2\/types\/page"}],"author":[{"embeddable":true,"href":"https:\/\/viktoria-schule-schoenberg.de\/index.php?rest_route=\/wp\/v2\/users\/1"}],"replies":[{"embeddable":true,"href":"https:\/\/viktoria-schule-schoenberg.de\/index.php?rest_route=%2Fwp%2Fv2%2Fcomments&post=259"}],"version-history":[{"count":38,"href":"https:\/\/viktoria-schule-schoenberg.de\/index.php?rest_route=\/wp\/v2\/pages\/259\/revisions"}],"predecessor-version":[{"id":701,"href":"https:\/\/viktoria-schule-schoenberg.de\/index.php?rest_route=\/wp\/v2\/pages\/259\/revisions\/701"}],"wp:attachment":[{"href":"https:\/\/viktoria-schule-schoenberg.de\/index.php?rest_route=%2Fwp%2Fv2%2Fmedia&parent=259"}],"curies":[{"name":"wp","href":"https:\/\/api.w.org\/{rel}","templated":true}]}}