{"id":250,"date":"2024-08-14T13:06:42","date_gmt":"2024-08-14T13:06:42","guid":{"rendered":"https:\/\/viktoria-schule-schoenberg.de\/?page_id=250"},"modified":"2025-04-30T11:54:55","modified_gmt":"2025-04-30T09:54:55","slug":"pakt-fur-den-ganztag","status":"publish","type":"page","link":"https:\/\/viktoria-schule-schoenberg.de\/?page_id=250","title":{"rendered":"Pakt f\u00fcr den Ganztag"},"content":{"rendered":"\t\t<div data-elementor-type=\"wp-page\" data-elementor-id=\"250\" class=\"elementor elementor-250\" data-elementor-post-type=\"page\">\n\t\t\t\t<div class=\"elementor-element elementor-element-30af97e e-flex e-con-boxed e-con e-parent\" data-id=\"30af97e\" data-element_type=\"container\" data-e-type=\"container\" data-settings=\"{&quot;background_background&quot;:&quot;classic&quot;}\">\n\t\t\t\t\t<div class=\"e-con-inner\">\n\t\t<div class=\"elementor-element elementor-element-d4abe34 e-con-full e-flex e-con e-child\" data-id=\"d4abe34\" data-element_type=\"container\" data-e-type=\"container\">\n\t\t\t\t<div class=\"elementor-element elementor-element-b7cba51 elementor-widget elementor-widget-heading\" data-id=\"b7cba51\" data-element_type=\"widget\" data-e-type=\"widget\" data-widget_type=\"heading.default\">\n\t\t\t\t<div class=\"elementor-widget-container\">\n\t\t\t\t\t<h2 class=\"elementor-heading-title elementor-size-default\">Pakt f\u00fcr den Ganztag<\/h2>\t\t\t\t<\/div>\n\t\t\t\t<\/div>\n\t\t\t\t<\/div>\n\t\t<div class=\"elementor-element elementor-element-ba74077 e-con-full e-flex e-con e-child\" data-id=\"ba74077\" data-element_type=\"container\" data-e-type=\"container\">\n\t\t\t\t<div class=\"elementor-element elementor-element-dee586a elementor-widget elementor-widget-video\" data-id=\"dee586a\" data-element_type=\"widget\" data-e-type=\"widget\" data-settings=\"{&quot;youtube_url&quot;:&quot;https:\\\/\\\/youtu.be\\\/HU6q3xrXMV4&quot;,&quot;autoplay&quot;:&quot;yes&quot;,&quot;play_on_mobile&quot;:&quot;yes&quot;,&quot;video_type&quot;:&quot;youtube&quot;,&quot;controls&quot;:&quot;yes&quot;}\" data-widget_type=\"video.default\">\n\t\t\t\t<div class=\"elementor-widget-container\">\n\t\t\t\t\t\t\t<div class=\"elementor-wrapper elementor-open-inline\">\n\t\t\t<div class=\"elementor-video\"><\/div>\t\t<\/div>\n\t\t\t\t\t\t<\/div>\n\t\t\t\t<\/div>\n\t\t\t\t<\/div>\n\t\t<div class=\"elementor-element elementor-element-55fd572 e-con-full e-flex e-con e-child\" data-id=\"55fd572\" data-element_type=\"container\" data-e-type=\"container\">\n\t\t\t\t<div class=\"elementor-element elementor-element-b712020 elementor-widget elementor-widget-image\" data-id=\"b712020\" data-element_type=\"widget\" data-e-type=\"widget\" data-widget_type=\"image.default\">\n\t\t\t\t<div class=\"elementor-widget-container\">\n\t\t\t\t\t\t\t\t\t\t\t\t\t\t\t<img fetchpriority=\"high\" decoding=\"async\" width=\"1024\" height=\"712\" src=\"https:\/\/viktoria-schule-schoenberg.de\/wp-content\/uploads\/2024\/08\/PaktGanztag-kurz-erklaert-1024x712.jpg\" class=\"attachment-large size-large wp-image-831\" alt=\"\" srcset=\"https:\/\/viktoria-schule-schoenberg.de\/wp-content\/uploads\/2024\/08\/PaktGanztag-kurz-erklaert-1024x712.jpg 1024w, https:\/\/viktoria-schule-schoenberg.de\/wp-content\/uploads\/2024\/08\/PaktGanztag-kurz-erklaert-300x209.jpg 300w, https:\/\/viktoria-schule-schoenberg.de\/wp-content\/uploads\/2024\/08\/PaktGanztag-kurz-erklaert-768x534.jpg 768w, https:\/\/viktoria-schule-schoenberg.de\/wp-content\/uploads\/2024\/08\/PaktGanztag-kurz-erklaert.jpg 1207w\" sizes=\"(max-width: 1024px) 100vw, 1024px\" \/>\t\t\t\t\t\t\t\t\t\t\t\t\t\t\t<\/div>\n\t\t\t\t<\/div>\n\t\t\t\t<\/div>\n\t\t\t\t<div class=\"elementor-element elementor-element-fcee9b4 elementor-widget elementor-widget-text-editor\" data-id=\"fcee9b4\" data-element_type=\"widget\" data-e-type=\"widget\" data-widget_type=\"text-editor.default\">\n\t\t\t\t<div class=\"elementor-widget-container\">\n\t\t\t\t\t\t\t\t\t<p style=\"font-weight: 400;\">Liebe Eltern,<\/p><p style=\"font-weight: 400;\">ab dem Schuljahr 2026\/27 haben die Eltern von Erstkl\u00e4sslern einen gesetzlichen Anspruch auf Ganztagsbetreuung (Pakt f\u00fcr den Ganztag)<a href=\"applewebdata:\/\/6AF0E43E-5070-49AB-8304-E5258FF03760#_ftn1\" name=\"_ftnref1\">[1]<\/a> und an unserer Schule wird sich daher Einiges \u00e4ndern.\u00a0<\/p><p style=\"font-weight: 400;\">Fest steht:<\/p><ul><li>das Betreuungspersonal der \u201eWilden Horde\u201c wird in den Schulalltag integriert werden.<\/li><li>F\u00fcr Schule und Betreuung stehen die R\u00e4ume der Grundschule und die R\u00e4ume der \u201eWilden Horde\u201c zur Verf\u00fcgung und es wird entsprechend umgebaut\/umstrukturiert werden m\u00fcssen.<\/li><li>Die Betreuung am Nachmittag wird teilweise mit Lehrern besetzt und wird Mittagessensbetreuung, Hausaufgabenbetreuung, AG Angebote, Freispielzeit, Malen, Basteln, Musizieren und vieles mehr umfassen.<\/li><li>Somit wird insgesamt das Betreuungsangebot attraktiv, abwechslungsreich, kindorientiert und planbar f\u00fcr die Vereinbarkeit von Familie und Beruf.<\/li><\/ul><p style=\"font-weight: 400;\">Zuk\u00fcnftig wird es folgende Wahlm\u00f6glichkeiten zur Betreuung in der Schule geben. Beachten Sie bitte hierzu unbedingt die Beispiele in der Grafik, die zeigen, welche Auswirkungen der Pakt f\u00fcr den Ganztag auf die Tagesplanung der Kinder, Eltern und Schule\/Betreuung hat.<\/p><table style=\"font-weight: 400;\"><tbody><tr><td width=\"141\"><p><strong>Modul<\/strong><\/p><\/td><td width=\"331\"><p><strong>Unterrichts- und Betreuungszeiten<\/strong><\/p><\/td><td width=\"132\"><p><strong>Kosten<\/strong><\/p><\/td><\/tr><tr><td width=\"141\"><p>Kind nimmt <strong><em>nicht<\/em><\/strong> am Ganztagespakt teil<\/p><\/td><td width=\"331\"><p>&#8211;\u00a0 Unterricht erfolgt nach dem planm\u00e4\u00dfigen Stundenplan<\/p><\/td><td width=\"132\"><p>keine<\/p><\/td><\/tr><tr><td width=\"141\"><p>Kind nimmt am Ganztagespakt bis 15 Uhr teil<\/p><\/td><td width=\"331\"><p>&#8211;\u00a0 Unterricht erfolgt nach dem planm\u00e4\u00dfigen Stundenplan<\/p><p>&#8211;\u00a0 Betreuung ab 7:30 bis Unterrichtsbeginn (freiwillig) und ab Unterrichtsende bis 15:00 Uhr (verpflichtend f\u00fcr Mo-Do oder Mo-Fr)\u00a0<\/p><\/td><td width=\"132\"><p>ca. 80 EUR + Essensgeld<\/p><\/td><\/tr><tr><td width=\"141\"><p>Kind nimmt am Ganztagespakt bis 17 Uhr teil<\/p><\/td><td width=\"331\"><p>&#8211;\u00a0 Unterricht erfolgt nach dem planm\u00e4\u00dfigen Stundenplan<\/p><p>&#8211;\u00a0 Betreuung ab 7:30 bis Unterrichtsbeginn (freiwillig) und ab Unterrichtsende bis 17:00 Uhr (verpflichtend f\u00fcr Mo-Do oder Mo-Fr)<\/p><\/td><td width=\"132\"><p>ca. 80 EUR + Essensgeld + dzt. unbekannter niedriger EUR-Betrag)<\/p><\/td><\/tr><\/tbody><\/table><p><span style=\"font-size: 18px; text-align: var(--text-align);\">Um in die Planung der Details gehen zu k\u00f6nnen, m\u00fcssen wir bereits jetzt die R\u00e4ume f\u00fcr Differenzierung im Unterricht und die Nachmittagsangebote, insbesondere auch die Mittagsverpflegung planen und ein Konzept f\u00fcr den Personaleinsatz vorbereiten. Dies h\u00e4ngt jedoch von den Bedarfen der Eltern ab. Daher ben\u00f6tigen wir nun Ihre Mithilfe (alle Eltern der Klassen 1 bis 4) als Proxy f\u00fcr die Sch\u00fcler ab Jahrgang 2026.<\/span><\/p><p style=\"font-weight: 400;\">Bitte nehmen Sie f\u00fcr <strong>jedes Ihrer Kinder separat<\/strong> an der Befragung teil. Zur Abfrage gelangen Sie\u00a0 <a href=\"https:\/\/form.jotform.com\/241272994068061\">hier<\/a>.<\/p><p style=\"font-weight: 400;\">Vielen Dank f\u00fcr Ihre Mithilfe<\/p><p><a href=\"applewebdata:\/\/6AF0E43E-5070-49AB-8304-E5258FF03760#_ftnref1\" name=\"_ftn1\">[1]<\/a> <a href=\"https:\/\/kultus.hessen.de\/schulsystem\/ganztagsprogramm-des-landes-hessen\/pakt-fuer-den-ganztag\">Pakt f\u00fcr den Ganztag | kultus.hessen.de<\/a><\/p>\t\t\t\t\t\t\t\t<\/div>\n\t\t\t\t<\/div>\n\t\t\t\t<div class=\"elementor-element elementor-element-f422056 elementor-widget elementor-widget-image\" data-id=\"f422056\" data-element_type=\"widget\" data-e-type=\"widget\" data-widget_type=\"image.default\">\n\t\t\t\t<div class=\"elementor-widget-container\">\n\t\t\t\t\t\t\t\t\t\t\t\t\t\t\t<img decoding=\"async\" src=\"https:\/\/viktoria-schule-schoenberg.de\/wp-content\/uploads\/2024\/08\/Tagesplan-1.pdf\" title=\"\" alt=\"\" loading=\"lazy\" \/>\t\t\t\t\t\t\t\t\t\t\t\t\t\t\t<\/div>\n\t\t\t\t<\/div>\n\t\t\t\t\t<\/div>\n\t\t\t\t<\/div>\n\t\t\t\t<\/div>\n\t\t","protected":false},"excerpt":{"rendered":"<p>Pakt f\u00fcr den Ganztag Liebe Eltern, ab dem Schuljahr 2026\/27 haben die Eltern von Erstkl\u00e4sslern einen gesetzlichen Anspruch auf Ganztagsbetreuung (Pakt f\u00fcr den Ganztag)[1] und an unserer Schule wird sich daher Einiges \u00e4ndern.\u00a0 Fest steht: das Betreuungspersonal der \u201eWilden Horde\u201c wird in den Schulalltag integriert werden. F\u00fcr Schule und Betreuung stehen die R\u00e4ume der Grundschule [&hellip;]<\/p>\n","protected":false},"author":1,"featured_media":0,"parent":0,"menu_order":0,"comment_status":"closed","ping_status":"closed","template":"","meta":{"footnotes":""},"class_list":["post-250","page","type-page","status-publish","hentry","entry"],"yoast_head":"<!-- This site is optimized with the Yoast SEO plugin v27.1.1 - https:\/\/yoast.com\/product\/yoast-seo-wordpress\/ -->\n<title>Pakt f\u00fcr den Ganztag - Viktoria Schule Sch\u00f6nberg<\/title>\n<meta name=\"robots\" content=\"index, follow, max-snippet:-1, max-image-preview:large, max-video-preview:-1\" \/>\n<link rel=\"canonical\" href=\"https:\/\/viktoria-schule-schoenberg.de\/?page_id=250\" \/>\n<meta property=\"og:locale\" content=\"de_DE\" \/>\n<meta property=\"og:type\" content=\"article\" \/>\n<meta property=\"og:title\" content=\"Pakt f\u00fcr den Ganztag - Viktoria Schule Sch\u00f6nberg\" \/>\n<meta property=\"og:description\" content=\"Pakt f\u00fcr den Ganztag Liebe Eltern, ab dem Schuljahr 2026\/27 haben die Eltern von Erstkl\u00e4sslern einen gesetzlichen Anspruch auf Ganztagsbetreuung (Pakt f\u00fcr den Ganztag)[1] und an unserer Schule wird sich daher Einiges \u00e4ndern.\u00a0 Fest steht: das Betreuungspersonal der \u201eWilden Horde\u201c wird in den Schulalltag integriert werden. F\u00fcr Schule und Betreuung stehen die R\u00e4ume der Grundschule [&hellip;]\" \/>\n<meta property=\"og:url\" content=\"https:\/\/viktoria-schule-schoenberg.de\/?page_id=250\" \/>\n<meta property=\"og:site_name\" content=\"Viktoria Schule Sch\u00f6nberg\" \/>\n<meta property=\"article:modified_time\" content=\"2025-04-30T09:54:55+00:00\" \/>\n<meta property=\"og:image\" content=\"https:\/\/viktoria-schule-schoenberg.de\/wp-content\/uploads\/2024\/08\/PaktGanztag-kurz-erklaert.jpg\" \/>\n\t<meta property=\"og:image:width\" content=\"1207\" \/>\n\t<meta property=\"og:image:height\" content=\"839\" \/>\n\t<meta property=\"og:image:type\" content=\"image\/jpeg\" \/>\n<meta name=\"twitter:card\" content=\"summary_large_image\" \/>\n<meta name=\"twitter:label1\" content=\"Gesch\u00e4tzte Lesezeit\" \/>\n\t<meta name=\"twitter:data1\" content=\"3\u00a0Minuten\" \/>\n<script type=\"application\/ld+json\" class=\"yoast-schema-graph\">{\"@context\":\"https:\/\/schema.org\",\"@graph\":[{\"@type\":\"WebPage\",\"@id\":\"https:\/\/viktoria-schule-schoenberg.de\/?page_id=250\",\"url\":\"https:\/\/viktoria-schule-schoenberg.de\/?page_id=250\",\"name\":\"Pakt f\u00fcr den Ganztag - Viktoria Schule Sch\u00f6nberg\",\"isPartOf\":{\"@id\":\"https:\/\/viktoria-schule-schoenberg.de\/#website\"},\"primaryImageOfPage\":{\"@id\":\"https:\/\/viktoria-schule-schoenberg.de\/?page_id=250#primaryimage\"},\"image\":{\"@id\":\"https:\/\/viktoria-schule-schoenberg.de\/?page_id=250#primaryimage\"},\"thumbnailUrl\":\"https:\/\/viktoria-schule-schoenberg.de\/wp-content\/uploads\/2024\/08\/PaktGanztag-kurz-erklaert-1024x712.jpg\",\"datePublished\":\"2024-08-14T13:06:42+00:00\",\"dateModified\":\"2025-04-30T09:54:55+00:00\",\"breadcrumb\":{\"@id\":\"https:\/\/viktoria-schule-schoenberg.de\/?page_id=250#breadcrumb\"},\"inLanguage\":\"de\",\"potentialAction\":[{\"@type\":\"ReadAction\",\"target\":[\"https:\/\/viktoria-schule-schoenberg.de\/?page_id=250\"]}]},{\"@type\":\"ImageObject\",\"inLanguage\":\"de\",\"@id\":\"https:\/\/viktoria-schule-schoenberg.de\/?page_id=250#primaryimage\",\"url\":\"https:\/\/viktoria-schule-schoenberg.de\/wp-content\/uploads\/2024\/08\/PaktGanztag-kurz-erklaert.jpg\",\"contentUrl\":\"https:\/\/viktoria-schule-schoenberg.de\/wp-content\/uploads\/2024\/08\/PaktGanztag-kurz-erklaert.jpg\",\"width\":1207,\"height\":839},{\"@type\":\"BreadcrumbList\",\"@id\":\"https:\/\/viktoria-schule-schoenberg.de\/?page_id=250#breadcrumb\",\"itemListElement\":[{\"@type\":\"ListItem\",\"position\":1,\"name\":\"Startseite\",\"item\":\"https:\/\/viktoria-schule-schoenberg.de\/\"},{\"@type\":\"ListItem\",\"position\":2,\"name\":\"Pakt f\u00fcr den Ganztag\"}]},{\"@type\":\"WebSite\",\"@id\":\"https:\/\/viktoria-schule-schoenberg.de\/#website\",\"url\":\"https:\/\/viktoria-schule-schoenberg.de\/\",\"name\":\"Viktoria Schule Sch\u00f6nberg\",\"description\":\"\",\"potentialAction\":[{\"@type\":\"SearchAction\",\"target\":{\"@type\":\"EntryPoint\",\"urlTemplate\":\"https:\/\/viktoria-schule-schoenberg.de\/?s={search_term_string}\"},\"query-input\":{\"@type\":\"PropertyValueSpecification\",\"valueRequired\":true,\"valueName\":\"search_term_string\"}}],\"inLanguage\":\"de\"}]}<\/script>\n<!-- \/ Yoast SEO plugin. -->","yoast_head_json":{"title":"Pakt f\u00fcr den Ganztag - Viktoria Schule Sch\u00f6nberg","robots":{"index":"index","follow":"follow","max-snippet":"max-snippet:-1","max-image-preview":"max-image-preview:large","max-video-preview":"max-video-preview:-1"},"canonical":"https:\/\/viktoria-schule-schoenberg.de\/?page_id=250","og_locale":"de_DE","og_type":"article","og_title":"Pakt f\u00fcr den Ganztag - Viktoria Schule Sch\u00f6nberg","og_description":"Pakt f\u00fcr den Ganztag Liebe Eltern, ab dem Schuljahr 2026\/27 haben die Eltern von Erstkl\u00e4sslern einen gesetzlichen Anspruch auf Ganztagsbetreuung (Pakt f\u00fcr den Ganztag)[1] und an unserer Schule wird sich daher Einiges \u00e4ndern.\u00a0 Fest steht: das Betreuungspersonal der \u201eWilden Horde\u201c wird in den Schulalltag integriert werden. F\u00fcr Schule und Betreuung stehen die R\u00e4ume der Grundschule [&hellip;]","og_url":"https:\/\/viktoria-schule-schoenberg.de\/?page_id=250","og_site_name":"Viktoria Schule Sch\u00f6nberg","article_modified_time":"2025-04-30T09:54:55+00:00","og_image":[{"width":1207,"height":839,"url":"https:\/\/viktoria-schule-schoenberg.de\/wp-content\/uploads\/2024\/08\/PaktGanztag-kurz-erklaert.jpg","type":"image\/jpeg"}],"twitter_card":"summary_large_image","twitter_misc":{"Gesch\u00e4tzte Lesezeit":"3\u00a0Minuten"},"schema":{"@context":"https:\/\/schema.org","@graph":[{"@type":"WebPage","@id":"https:\/\/viktoria-schule-schoenberg.de\/?page_id=250","url":"https:\/\/viktoria-schule-schoenberg.de\/?page_id=250","name":"Pakt f\u00fcr den Ganztag - Viktoria Schule Sch\u00f6nberg","isPartOf":{"@id":"https:\/\/viktoria-schule-schoenberg.de\/#website"},"primaryImageOfPage":{"@id":"https:\/\/viktoria-schule-schoenberg.de\/?page_id=250#primaryimage"},"image":{"@id":"https:\/\/viktoria-schule-schoenberg.de\/?page_id=250#primaryimage"},"thumbnailUrl":"https:\/\/viktoria-schule-schoenberg.de\/wp-content\/uploads\/2024\/08\/PaktGanztag-kurz-erklaert-1024x712.jpg","datePublished":"2024-08-14T13:06:42+00:00","dateModified":"2025-04-30T09:54:55+00:00","breadcrumb":{"@id":"https:\/\/viktoria-schule-schoenberg.de\/?page_id=250#breadcrumb"},"inLanguage":"de","potentialAction":[{"@type":"ReadAction","target":["https:\/\/viktoria-schule-schoenberg.de\/?page_id=250"]}]},{"@type":"ImageObject","inLanguage":"de","@id":"https:\/\/viktoria-schule-schoenberg.de\/?page_id=250#primaryimage","url":"https:\/\/viktoria-schule-schoenberg.de\/wp-content\/uploads\/2024\/08\/PaktGanztag-kurz-erklaert.jpg","contentUrl":"https:\/\/viktoria-schule-schoenberg.de\/wp-content\/uploads\/2024\/08\/PaktGanztag-kurz-erklaert.jpg","width":1207,"height":839},{"@type":"BreadcrumbList","@id":"https:\/\/viktoria-schule-schoenberg.de\/?page_id=250#breadcrumb","itemListElement":[{"@type":"ListItem","position":1,"name":"Startseite","item":"https:\/\/viktoria-schule-schoenberg.de\/"},{"@type":"ListItem","position":2,"name":"Pakt f\u00fcr den Ganztag"}]},{"@type":"WebSite","@id":"https:\/\/viktoria-schule-schoenberg.de\/#website","url":"https:\/\/viktoria-schule-schoenberg.de\/","name":"Viktoria Schule Sch\u00f6nberg","description":"","potentialAction":[{"@type":"SearchAction","target":{"@type":"EntryPoint","urlTemplate":"https:\/\/viktoria-schule-schoenberg.de\/?s={search_term_string}"},"query-input":{"@type":"PropertyValueSpecification","valueRequired":true,"valueName":"search_term_string"}}],"inLanguage":"de"}]}},"_links":{"self":[{"href":"https:\/\/viktoria-schule-schoenberg.de\/index.php?rest_route=\/wp\/v2\/pages\/250","targetHints":{"allow":["GET"]}}],"collection":[{"href":"https:\/\/viktoria-schule-schoenberg.de\/index.php?rest_route=\/wp\/v2\/pages"}],"about":[{"href":"https:\/\/viktoria-schule-schoenberg.de\/index.php?rest_route=\/wp\/v2\/types\/page"}],"author":[{"embeddable":true,"href":"https:\/\/viktoria-schule-schoenberg.de\/index.php?rest_route=\/wp\/v2\/users\/1"}],"replies":[{"embeddable":true,"href":"https:\/\/viktoria-schule-schoenberg.de\/index.php?rest_route=%2Fwp%2Fv2%2Fcomments&post=250"}],"version-history":[{"count":41,"href":"https:\/\/viktoria-schule-schoenberg.de\/index.php?rest_route=\/wp\/v2\/pages\/250\/revisions"}],"predecessor-version":[{"id":987,"href":"https:\/\/viktoria-schule-schoenberg.de\/index.php?rest_route=\/wp\/v2\/pages\/250\/revisions\/987"}],"wp:attachment":[{"href":"https:\/\/viktoria-schule-schoenberg.de\/index.php?rest_route=%2Fwp%2Fv2%2Fmedia&parent=250"}],"curies":[{"name":"wp","href":"https:\/\/api.w.org\/{rel}","templated":true}]}}