{"id":229,"date":"2024-08-14T11:56:06","date_gmt":"2024-08-14T11:56:06","guid":{"rendered":"https:\/\/viktoria-schule-schoenberg.de\/?page_id=229"},"modified":"2024-08-21T12:21:58","modified_gmt":"2024-08-21T10:21:58","slug":"eltern","status":"publish","type":"page","link":"https:\/\/viktoria-schule-schoenberg.de\/?page_id=229","title":{"rendered":"Eltern"},"content":{"rendered":"\t\t<div data-elementor-type=\"wp-page\" data-elementor-id=\"229\" class=\"elementor elementor-229\" data-elementor-post-type=\"page\">\n\t\t\t\t<div class=\"elementor-element elementor-element-6d919cc e-flex e-con-boxed e-con e-parent\" data-id=\"6d919cc\" data-element_type=\"container\" data-e-type=\"container\">\n\t\t\t\t\t<div class=\"e-con-inner\">\n\t\t\t\t<div class=\"elementor-element elementor-element-6e6c757 elementor-widget elementor-widget-spacer\" data-id=\"6e6c757\" data-element_type=\"widget\" data-e-type=\"widget\" data-widget_type=\"spacer.default\">\n\t\t\t\t<div class=\"elementor-widget-container\">\n\t\t\t\t\t\t\t<div class=\"elementor-spacer\">\n\t\t\t<div class=\"elementor-spacer-inner\"><\/div>\n\t\t<\/div>\n\t\t\t\t\t\t<\/div>\n\t\t\t\t<\/div>\n\t\t\t\t<div class=\"elementor-element elementor-element-375b508 elementor-widget elementor-widget-heading\" data-id=\"375b508\" data-element_type=\"widget\" data-e-type=\"widget\" data-widget_type=\"heading.default\">\n\t\t\t\t<div class=\"elementor-widget-container\">\n\t\t\t\t\t<h2 class=\"elementor-heading-title elementor-size-default\">Elternmitarbeit<\/h2>\t\t\t\t<\/div>\n\t\t\t\t<\/div>\n\t\t\t\t<div class=\"elementor-element elementor-element-6675458 elementor-widget elementor-widget-text-editor\" data-id=\"6675458\" data-element_type=\"widget\" data-e-type=\"widget\" data-widget_type=\"text-editor.default\">\n\t\t\t\t<div class=\"elementor-widget-container\">\n\t\t\t\t\t\t\t\t\t<p>Elternmitarbeit ist ein wichtiger Bestandteil des Schullebens. Eltern arbeiten eng mit dem Kollegium unserer Schule zusammen und tragen durch ihr Engagement dazu bei, ein Vorbild f\u00fcr die Kinder zu sein. Dabei geht es nicht nur um die Unterst\u00fctzung im schulischen Alltag, sondern auch um die F\u00f6rderung eines positiven Miteinanders und unabdinglicher Kooperation.<\/p><p>\u00a0<\/p><p>Dabei ist uns wichtig, dass folgende Punkte geachtet werden:<\/p><p>\u2022 Wir gehen respektvoll miteinander um.<br \/>\u2022 Wir achten die Vielfalt unter uns und begreifen sie als Chance.<br \/>\u2022 Wir schaffen mit Ruhe und Geduld eine angenehme Lernatmosph\u00e4re.<br \/>\u2022 Wir wahren die Privatsph\u00e4re und Pers\u00f6nlichkeitsrechte aller Menschen im Schulhaus und gehen in allen Belangen mit Diskretion vor. <br \/>\u2022 Das Zusammenleben und das Lehren und Lernen bereitet uns Freude.<br \/>\u2022 Wir sorgen daf\u00fcr, dass Selbstst\u00e4ndigkeit und Selbstbewusstsein bei den Kindern entstehen und wachsen k\u00f6nnen.<\/p><p><strong>Hier sind einige M\u00f6glichkeiten, wie Eltern an<\/strong> <strong>der Schule mitarbeiten k\u00f6nnen:<\/strong><\/p><p><span style=\"text-decoration: underline;\">1. Klassenelternbeir\u00e4te:<\/span><br \/>\u25e6 In den Klassenelternbeir\u00e4ten er\u00f6rtern, planen und organisieren Eltern gemeinsam mit anderen Eltern und der Klassenlehrkraft Vorg\u00e4nge aus dem Zusammenleben und der Arbeit der Klasse.<br \/><span style=\"text-decoration: underline;\">2. Schulelternbeirat:<\/span><br \/>\u25e6 Der Schulelternbeirat wird durch die Klassenelternbeir\u00e4te gebildet und ist das Mitbestimmungsgremium der Elternschaft an unserer Schule. Hier werden wichtige Themen besprochen und Entscheidungen getroffen.<br \/><span style=\"text-decoration: underline;\">3. Schulkonferenz:<\/span><br \/>\u25e6 Die Schulkonferenz ist das Gremium, in dem Vertreter aus der Eltern- und Lehrerschaft gemeinsam beraten und Beschl\u00fcsse fassen.<br \/><span style=\"text-decoration: underline;\">4. F\u00f6rderverein:<\/span><br \/>\u25e6 Der F\u00f6rderverein unterst\u00fctzt finanziell und ideell die Viktoria-Schule. Eltern k\u00f6nnen hier aktiv mitwirken und sich einbringen.<br \/><span style=\"text-decoration: underline;\">5. Veranstaltungen in der Schule:<\/span><br \/>\u25e6 Eltern k\u00f6nnen bei verschiedenen schulischen Veranstaltungen mithelfen, wie z. B. Schulfesten, Projektwochen, sportlichen Events oder Buchausstellungen.<br \/><span style=\"text-decoration: underline;\">6. In den Klassen:<\/span><br \/>\u25e6 Eltern k\u00f6nnen bei Ausfl\u00fcgen, Projekten, besonderen Veranstaltungen und in vielen anderen Bereichen mitwirken.<\/p><p><strong>Falls Sie Fragen haben oder sich engagieren m\u00f6chten, stehen Ihnen folgende Ansprechpartner zur Verf\u00fcgung:<\/strong><br \/>\u2022 Schulelternbeir\u00e4tin:\u00a0tba<br \/>\u2022 Stellvertreterin:\u00a0tba<br \/>\u2022 Sekretariat:<br \/>\u25e6 Telefon: 06173 320376<br \/>\u25e6 E-Mail: <a href=\"mailto:verwaltung(at)vks.hochtaunuskreis.net\" target=\"_blank\" rel=\"noopener\">verwaltung(at)vks.hochtaunuskreis.net<\/a><\/p><p>Wir freuen uns \u00fcber Ihre Mitarbeit und Ihr Engagement!<\/p>\t\t\t\t\t\t\t\t<\/div>\n\t\t\t\t<\/div>\n\t\t\t\t\t<\/div>\n\t\t\t\t<\/div>\n\t\t\t\t<\/div>\n\t\t","protected":false},"excerpt":{"rendered":"<p>Elternmitarbeit Elternmitarbeit ist ein wichtiger Bestandteil des Schullebens. Eltern arbeiten eng mit dem Kollegium unserer Schule zusammen und tragen durch ihr Engagement dazu bei, ein Vorbild f\u00fcr die Kinder zu sein. Dabei geht es nicht nur um die Unterst\u00fctzung im schulischen Alltag, sondern auch um die F\u00f6rderung eines positiven Miteinanders und unabdinglicher Kooperation. \u00a0 Dabei [&hellip;]<\/p>\n","protected":false},"author":1,"featured_media":0,"parent":0,"menu_order":0,"comment_status":"closed","ping_status":"closed","template":"","meta":{"footnotes":""},"class_list":["post-229","page","type-page","status-publish","hentry","entry"],"yoast_head":"<!-- This site is optimized with the Yoast SEO plugin v27.1.1 - https:\/\/yoast.com\/product\/yoast-seo-wordpress\/ -->\n<title>Eltern - Viktoria Schule Sch\u00f6nberg<\/title>\n<meta name=\"robots\" content=\"index, follow, max-snippet:-1, max-image-preview:large, max-video-preview:-1\" \/>\n<link rel=\"canonical\" href=\"https:\/\/viktoria-schule-schoenberg.de\/?page_id=229\" \/>\n<meta property=\"og:locale\" content=\"de_DE\" \/>\n<meta property=\"og:type\" content=\"article\" \/>\n<meta property=\"og:title\" content=\"Eltern - Viktoria Schule Sch\u00f6nberg\" \/>\n<meta property=\"og:description\" content=\"Elternmitarbeit Elternmitarbeit ist ein wichtiger Bestandteil des Schullebens. Eltern arbeiten eng mit dem Kollegium unserer Schule zusammen und tragen durch ihr Engagement dazu bei, ein Vorbild f\u00fcr die Kinder zu sein. Dabei geht es nicht nur um die Unterst\u00fctzung im schulischen Alltag, sondern auch um die F\u00f6rderung eines positiven Miteinanders und unabdinglicher Kooperation. \u00a0 Dabei [&hellip;]\" \/>\n<meta property=\"og:url\" content=\"https:\/\/viktoria-schule-schoenberg.de\/?page_id=229\" \/>\n<meta property=\"og:site_name\" content=\"Viktoria Schule Sch\u00f6nberg\" \/>\n<meta property=\"article:modified_time\" content=\"2024-08-21T10:21:58+00:00\" \/>\n<meta name=\"twitter:card\" content=\"summary_large_image\" \/>\n<meta name=\"twitter:label1\" content=\"Gesch\u00e4tzte Lesezeit\" \/>\n\t<meta name=\"twitter:data1\" content=\"2\u00a0Minuten\" \/>\n<script type=\"application\/ld+json\" class=\"yoast-schema-graph\">{\"@context\":\"https:\/\/schema.org\",\"@graph\":[{\"@type\":\"WebPage\",\"@id\":\"https:\/\/viktoria-schule-schoenberg.de\/?page_id=229\",\"url\":\"https:\/\/viktoria-schule-schoenberg.de\/?page_id=229\",\"name\":\"Eltern - Viktoria Schule Sch\u00f6nberg\",\"isPartOf\":{\"@id\":\"https:\/\/viktoria-schule-schoenberg.de\/#website\"},\"datePublished\":\"2024-08-14T11:56:06+00:00\",\"dateModified\":\"2024-08-21T10:21:58+00:00\",\"breadcrumb\":{\"@id\":\"https:\/\/viktoria-schule-schoenberg.de\/?page_id=229#breadcrumb\"},\"inLanguage\":\"de\",\"potentialAction\":[{\"@type\":\"ReadAction\",\"target\":[\"https:\/\/viktoria-schule-schoenberg.de\/?page_id=229\"]}]},{\"@type\":\"BreadcrumbList\",\"@id\":\"https:\/\/viktoria-schule-schoenberg.de\/?page_id=229#breadcrumb\",\"itemListElement\":[{\"@type\":\"ListItem\",\"position\":1,\"name\":\"Startseite\",\"item\":\"https:\/\/viktoria-schule-schoenberg.de\/\"},{\"@type\":\"ListItem\",\"position\":2,\"name\":\"Eltern\"}]},{\"@type\":\"WebSite\",\"@id\":\"https:\/\/viktoria-schule-schoenberg.de\/#website\",\"url\":\"https:\/\/viktoria-schule-schoenberg.de\/\",\"name\":\"Viktoria Schule Sch\u00f6nberg\",\"description\":\"\",\"potentialAction\":[{\"@type\":\"SearchAction\",\"target\":{\"@type\":\"EntryPoint\",\"urlTemplate\":\"https:\/\/viktoria-schule-schoenberg.de\/?s={search_term_string}\"},\"query-input\":{\"@type\":\"PropertyValueSpecification\",\"valueRequired\":true,\"valueName\":\"search_term_string\"}}],\"inLanguage\":\"de\"}]}<\/script>\n<!-- \/ Yoast SEO plugin. -->","yoast_head_json":{"title":"Eltern - Viktoria Schule Sch\u00f6nberg","robots":{"index":"index","follow":"follow","max-snippet":"max-snippet:-1","max-image-preview":"max-image-preview:large","max-video-preview":"max-video-preview:-1"},"canonical":"https:\/\/viktoria-schule-schoenberg.de\/?page_id=229","og_locale":"de_DE","og_type":"article","og_title":"Eltern - Viktoria Schule Sch\u00f6nberg","og_description":"Elternmitarbeit Elternmitarbeit ist ein wichtiger Bestandteil des Schullebens. Eltern arbeiten eng mit dem Kollegium unserer Schule zusammen und tragen durch ihr Engagement dazu bei, ein Vorbild f\u00fcr die Kinder zu sein. Dabei geht es nicht nur um die Unterst\u00fctzung im schulischen Alltag, sondern auch um die F\u00f6rderung eines positiven Miteinanders und unabdinglicher Kooperation. \u00a0 Dabei [&hellip;]","og_url":"https:\/\/viktoria-schule-schoenberg.de\/?page_id=229","og_site_name":"Viktoria Schule Sch\u00f6nberg","article_modified_time":"2024-08-21T10:21:58+00:00","twitter_card":"summary_large_image","twitter_misc":{"Gesch\u00e4tzte Lesezeit":"2\u00a0Minuten"},"schema":{"@context":"https:\/\/schema.org","@graph":[{"@type":"WebPage","@id":"https:\/\/viktoria-schule-schoenberg.de\/?page_id=229","url":"https:\/\/viktoria-schule-schoenberg.de\/?page_id=229","name":"Eltern - Viktoria Schule Sch\u00f6nberg","isPartOf":{"@id":"https:\/\/viktoria-schule-schoenberg.de\/#website"},"datePublished":"2024-08-14T11:56:06+00:00","dateModified":"2024-08-21T10:21:58+00:00","breadcrumb":{"@id":"https:\/\/viktoria-schule-schoenberg.de\/?page_id=229#breadcrumb"},"inLanguage":"de","potentialAction":[{"@type":"ReadAction","target":["https:\/\/viktoria-schule-schoenberg.de\/?page_id=229"]}]},{"@type":"BreadcrumbList","@id":"https:\/\/viktoria-schule-schoenberg.de\/?page_id=229#breadcrumb","itemListElement":[{"@type":"ListItem","position":1,"name":"Startseite","item":"https:\/\/viktoria-schule-schoenberg.de\/"},{"@type":"ListItem","position":2,"name":"Eltern"}]},{"@type":"WebSite","@id":"https:\/\/viktoria-schule-schoenberg.de\/#website","url":"https:\/\/viktoria-schule-schoenberg.de\/","name":"Viktoria Schule Sch\u00f6nberg","description":"","potentialAction":[{"@type":"SearchAction","target":{"@type":"EntryPoint","urlTemplate":"https:\/\/viktoria-schule-schoenberg.de\/?s={search_term_string}"},"query-input":{"@type":"PropertyValueSpecification","valueRequired":true,"valueName":"search_term_string"}}],"inLanguage":"de"}]}},"_links":{"self":[{"href":"https:\/\/viktoria-schule-schoenberg.de\/index.php?rest_route=\/wp\/v2\/pages\/229","targetHints":{"allow":["GET"]}}],"collection":[{"href":"https:\/\/viktoria-schule-schoenberg.de\/index.php?rest_route=\/wp\/v2\/pages"}],"about":[{"href":"https:\/\/viktoria-schule-schoenberg.de\/index.php?rest_route=\/wp\/v2\/types\/page"}],"author":[{"embeddable":true,"href":"https:\/\/viktoria-schule-schoenberg.de\/index.php?rest_route=\/wp\/v2\/users\/1"}],"replies":[{"embeddable":true,"href":"https:\/\/viktoria-schule-schoenberg.de\/index.php?rest_route=%2Fwp%2Fv2%2Fcomments&post=229"}],"version-history":[{"count":16,"href":"https:\/\/viktoria-schule-schoenberg.de\/index.php?rest_route=\/wp\/v2\/pages\/229\/revisions"}],"predecessor-version":[{"id":663,"href":"https:\/\/viktoria-schule-schoenberg.de\/index.php?rest_route=\/wp\/v2\/pages\/229\/revisions\/663"}],"wp:attachment":[{"href":"https:\/\/viktoria-schule-schoenberg.de\/index.php?rest_route=%2Fwp%2Fv2%2Fmedia&parent=229"}],"curies":[{"name":"wp","href":"https:\/\/api.w.org\/{rel}","templated":true}]}}