{"id":227,"date":"2024-08-16T10:20:58","date_gmt":"2024-08-16T10:20:58","guid":{"rendered":"https:\/\/viktoria-schule-schoenberg.de\/?page_id=227"},"modified":"2025-04-30T13:34:52","modified_gmt":"2025-04-30T11:34:52","slug":"foerderverein","status":"publish","type":"page","link":"https:\/\/viktoria-schule-schoenberg.de\/?page_id=227","title":{"rendered":"F\u00f6rderverein"},"content":{"rendered":"\t\t<div data-elementor-type=\"wp-page\" data-elementor-id=\"227\" class=\"elementor elementor-227\" data-elementor-post-type=\"page\">\n\t\t\t\t<div class=\"elementor-element elementor-element-3d0c8ea e-flex e-con-boxed e-con e-parent\" data-id=\"3d0c8ea\" data-element_type=\"container\" data-e-type=\"container\">\n\t\t\t\t\t<div class=\"e-con-inner\">\n\t\t\t\t<div class=\"elementor-element elementor-element-4b9b5a1 elementor-widget elementor-widget-heading\" data-id=\"4b9b5a1\" data-element_type=\"widget\" data-e-type=\"widget\" data-widget_type=\"heading.default\">\n\t\t\t\t<div class=\"elementor-widget-container\">\n\t\t\t\t\t<h2 class=\"elementor-heading-title elementor-size-default\">*************************************<img decoding=\"async\" src=\"image\/png;base64,iVBORw0KGgoAAAANSUhEUgAAADoAAABICAIAAAAoM3G1AAAH2ElEQVRoBc2av0sjTxTA\/S8WtsiSZkmzkGIhxYKFwcKQIoFAEEFEkOPgEEFQEEQEEUFBUBASCIhYKBaKhWKRYJOkURu1ilWsNlW22+59+fLk3bvZmc3umoP7cnx5M5md+eyb92tmnYC\/9t\/21ubAdcc7\/cR4p+OzPbaaTs7+7Pd55zflv4gLAHu7O07OHqOOv4t7e3O9sb720etJ1eb7vp21lhYXpL8m6PwuLgB43rBULJwcH0mX39vdMdOpcSl4DLhIPDOdn5+b9X1fgH5\/ezV0bXtrk\/efn53yZnR5PLhEvLS4ECR2cradtTjTyfHRy\/MT74kojw0XAD56PTOd+vXzh7D26sqyoWvcvq8uLw4P9oVhUZrjxAWA7a1NQ9ca9Rpf++T4yNC1h\/s76mzUa6sry9SMLowZF0OBoWvvb68EcXV5Yeja1eUF9Wxvbf4TuABweLBv6BoPXojLd79aKf8ruJ\/9vqFrhq5RPhNwB65rplOcnrQ+UhizMeB6Ts42dG1jfa3baQ9cFw2ajKFRrwmmPJKSBowTd+C6J8dHU5MOalf4P7oaGredtYLxjphChPHgDlx3dWUZo9jJ8VGpWDB0zcnZ52en83OzyF0qFj56PbTsZJYAAGPAfXl+cnJ2tVImY31sNZcWF7qdNgA83N+Rms10Cv8lzsnfxX1sNc10am93J2QHP3q9geturK8hd7KYgPN\/C\/f97TWij3ve0MqYiPudiic57me\/b2VMHl9DFIy4pWLBTKcwaIQMDvkpOW61UrazFllho16zMqaqjCQCDGo8KtNPUYSJaqVMrhBXoFDK\/cnzhiELUxKJuxaGmonbm+sETxq6xmMn1lyGrk1NOsTqeUPUhVDszkznk614cnw0QUVJ3Ck4xN7uDj6OwQuJf\/38QXNSjAMAVR6hwSph4Lr\/2y7Zk2qctJ8T+L5\/fnbKWQGAhwKykMTGMD83+5UmPno9KVBIJ9902n1BIK\/g5S\/WviEzq37CHP4VGWhq1WihH99V4BOanjc8OT7ihwgAiLsQrkt+8oWLNZ7AFNKkzPTy\/BS9WBm4bsicIT+Rn3zh+r5PphbyGP1EuI+tJt9rQcFCco6rFFqOziZfuHEdjnB931fd02Da4yfepcUFIogulIoF0sJvXLwQiDgLt91GvTYznScb9X3\/4f7u188fZjq1tLhAuvd9HzNwxCVoGL+U+I0LAFin0rgQgb8xAGDKsbNWtVIuFQt7uzu3N9f8lYRKMmRm4SczneK+8QdudNsy0ynaIIyDPAx\/9vtTkw7vAQDKfAJQeJOsDpf7AzfWfpH5P7aahq6RjXY7bStjkg3gMnFdmd5BSD1\/4AIAFdH0gEqgAwzWN6Vi4fBgHx8XVEKnedVUqv5gMhJxozsczYXBgZYUghcA4NGXBkQXguWoiAsA0SsmKiAxgQVzWNz4yN9EeuiQ4J6fnfLHQmQrY1L8Is8j4f3tNXqoCa4iPadIcGM5nJOzyckI1POGVFI6OZtXkkEsVQ+\/AqSZJbgJgk61Uj482Md\/21ubdtZCiNWVZbxbVzGp+qmmIVAU5Lgvz0+qiSL2z8\/NYgxKVtZsrK8JoGG4sRyOXsBMpzbW187PTnmCiJ56DF2rVsrnZ6dTk47KK+TaHbiulTHNdAov5whopMBBUR906TTy2alJB\/NtyBWlHHdvd6dULOCJJdbRiJcjABDLa3mUVV0Ay3GdnE0RKpbxfaesoSiOh45galRe6VkZk1u6YBKlYqFaKUurQaGAilXW8DLDzlqU5DmJXLtSXDtrNeq1kWdaHi8pogmGa2XMq8uLbqfd7bRvb67xspV2xvOGwpciIpbjzkznqeACADOdmpnO0\/0SPSxoHZloE7udtkBJTf5KONv72yt97769uZ6ZztMqXJDj7u3u8A9621ubpFR6WBWbnZyNYyixESUJwTcHgM9+H3WExR0txAU5Llbc3Jj4MwDw8vwUchTFVUNua4QqVphcFRaUrob7KJ304f5u5Anx8GA\/\/KrFTKca9Ro\/1XDi1ZVlsmPePwI3aADdTptqg8ODfVWpibtJWx8iVCvl4B6urixXK2UBFJtyY8BYy71N+jAAqHKs1AuR28nZhwf7GBaCGsGgGw8XL+TIx1WsmLdCjDioV8q0qjlRU3RtIwyTa5dOAY+tpvAAbw5cd6QdC8TBrecT0mFRta4S1\/OGM9N5vL+nwuWz399YX0t2LUeW0O20fd9HN5ifm+Umh6dUVdBVuhq+secNMYuWioWgF0c\/MwsKNtOpaqVcrZTxKyyu9f72urS4gF\/dgscT2gGldmnEY6spzeCxSh9OHExpvu\/jjlkZUxo9CWY0Lv7hytLiQvBEHsvJiFjYKPyEgd8SpYGCWEcYAx+Hzufk7KvLC1wPL28IIrqwvbWJMwxct1Gv2Vlrfm6W3ENYVGhG0i49Q0cDafUYndjOWpii7awVvvu0NArxcBN\/1VK9ibSoFRB5Mx5u4ps5FW5EGyDieLgUxlXLx+pX1TEEFxRi46rK3FigODgY0YJ8Qk9s3GRXEMGXUd3TCHxCMwlu4gtQDq0qYgQ+oZkEF68t+NoJZLoYEIDCm0lwASBuISa8j6qcDWeNl9X4XPwPGASUKE1+A8KnHSkn1G7iPyswdM3KmELZMJKSBiTEpfo9ii6FMcmcDImT40b\/6CLg8nqc1BZR+A\/yxHX2vtFIAgAAAABJRU5ErkJggg==\" alt=\"\">******************************************<\/h2>\t\t\t\t<\/div>\n\t\t\t\t<\/div>\n\t\t\t\t\t<\/div>\n\t\t\t\t<\/div>\n\t\t<div class=\"elementor-element elementor-element-3250637 e-flex e-con-boxed e-con e-parent\" data-id=\"3250637\" data-element_type=\"container\" data-e-type=\"container\">\n\t\t\t\t\t<div class=\"e-con-inner\">\n\t\t\t\t<div class=\"elementor-element elementor-element-fc84e77 elementor-widget elementor-widget-text-editor\" data-id=\"fc84e77\" data-element_type=\"widget\" data-e-type=\"widget\" data-widget_type=\"text-editor.default\">\n\t\t\t\t<div class=\"elementor-widget-container\">\n\t\t\t\t\t\t\t\t\t<p>Eltern k\u00f6nnen hier aktiv mitwirken und sich einbringen. Sie k\u00f6nnen aber auch als passives Mitglied mit einem j\u00e4hrlichen Mitgliedsbeitrag den F\u00f6rderverein in seinem Engagement f\u00fcr unsere Kinder unterst\u00fctzen.&nbsp;<\/p>\n<p style=\"font-style: inherit; font-weight: inherit;\"><span style=\"font-style: inherit; font-weight: inherit;\">Am 27.03.2025 wurden<\/span><\/p>\n<p style=\"font-style: inherit; font-weight: inherit;\"><span style=\"font-style: inherit; font-weight: inherit;\">Katharina Werner (zur 1.Vorsitzenden),<\/span><\/p><p style=\"font-style: inherit; font-weight: inherit;\"><span style=\"font-style: inherit; font-weight: inherit;\">Antonia Alles (zur 2.Voristzenden)<\/span><\/p>\n<p style=\"font-style: inherit; font-weight: inherit;\"><span style=\"font-style: inherit; font-weight: inherit;\">Sybille Conradi (zur Schriftf\u00fchrerin) und<\/span><\/p>\n<p style=\"font-style: inherit; font-weight: inherit;\"><span style=\"font-style: inherit; font-weight: inherit;\">Christina Griesser (zur Schatzmeisterin) gew\u00e4hlt.<\/span><\/p>\n<p style=\"font-style: inherit; font-weight: inherit;\"><span style=\"font-style: inherit; font-weight: inherit;\">&nbsp;<\/span><\/p>\n<p style=\"font-style: inherit; font-weight: inherit;\"><span style=\"font-style: inherit; font-weight: inherit;\">Kontakt:&nbsp;<\/span><a style=\"font-style: inherit; font-weight: inherit;\" href=\"mailto:vffviktoriaschule@gmail.com\"><b><strong style=\"font-style: inherit;\"><span style=\"font-style: inherit; font-weight: inherit;\">vffviktoriaschule@gmail.com<\/span><\/strong><\/b><\/a><\/p>\t\t\t\t\t\t\t\t<\/div>\n\t\t\t\t<\/div>\n\t\t\t\t\t<\/div>\n\t\t\t\t<\/div>\n\t\t\t\t<\/div>\n\t\t","protected":false},"excerpt":{"rendered":"<p>******************************************************************************* Eltern k\u00f6nnen hier aktiv mitwirken und sich einbringen. Sie k\u00f6nnen aber auch als passives Mitglied mit einem j\u00e4hrlichen Mitgliedsbeitrag den F\u00f6rderverein in seinem Engagement f\u00fcr unsere Kinder unterst\u00fctzen.&nbsp; Am 27.03.2025 wurden Katharina Werner (zur 1.Vorsitzenden), Antonia Alles (zur 2.Voristzenden) Sybille Conradi (zur Schriftf\u00fchrerin) und Christina Griesser (zur Schatzmeisterin) gew\u00e4hlt. &nbsp; Kontakt:&nbsp;vffviktoriaschule@gmail.com<\/p>\n","protected":false},"author":1,"featured_media":0,"parent":0,"menu_order":0,"comment_status":"closed","ping_status":"closed","template":"","meta":{"footnotes":""},"class_list":["post-227","page","type-page","status-publish","hentry","entry"],"yoast_head":"<!-- This site is optimized with the Yoast SEO plugin v27.1.1 - https:\/\/yoast.com\/product\/yoast-seo-wordpress\/ -->\n<title>F\u00f6rderverein - Viktoria Schule Sch\u00f6nberg<\/title>\n<meta name=\"robots\" content=\"index, follow, max-snippet:-1, max-image-preview:large, max-video-preview:-1\" \/>\n<link rel=\"canonical\" href=\"https:\/\/viktoria-schule-schoenberg.de\/?page_id=227\" \/>\n<meta property=\"og:locale\" content=\"de_DE\" \/>\n<meta property=\"og:type\" content=\"article\" \/>\n<meta property=\"og:title\" content=\"F\u00f6rderverein - Viktoria Schule Sch\u00f6nberg\" \/>\n<meta property=\"og:description\" content=\"******************************************************************************* Eltern k\u00f6nnen hier aktiv mitwirken und sich einbringen. Sie k\u00f6nnen aber auch als passives Mitglied mit einem j\u00e4hrlichen Mitgliedsbeitrag den F\u00f6rderverein in seinem Engagement f\u00fcr unsere Kinder unterst\u00fctzen.&nbsp; Am 27.03.2025 wurden Katharina Werner (zur 1.Vorsitzenden), Antonia Alles (zur 2.Voristzenden) Sybille Conradi (zur Schriftf\u00fchrerin) und Christina Griesser (zur Schatzmeisterin) gew\u00e4hlt. &nbsp; Kontakt:&nbsp;vffviktoriaschule@gmail.com\" \/>\n<meta property=\"og:url\" content=\"https:\/\/viktoria-schule-schoenberg.de\/?page_id=227\" \/>\n<meta property=\"og:site_name\" content=\"Viktoria Schule Sch\u00f6nberg\" \/>\n<meta property=\"article:modified_time\" content=\"2025-04-30T11:34:52+00:00\" \/>\n<meta name=\"twitter:card\" content=\"summary_large_image\" \/>\n<meta name=\"twitter:label1\" content=\"Gesch\u00e4tzte Lesezeit\" \/>\n\t<meta name=\"twitter:data1\" content=\"1\u00a0Minute\" \/>\n<script type=\"application\/ld+json\" class=\"yoast-schema-graph\">{\"@context\":\"https:\/\/schema.org\",\"@graph\":[{\"@type\":\"WebPage\",\"@id\":\"https:\/\/viktoria-schule-schoenberg.de\/?page_id=227\",\"url\":\"https:\/\/viktoria-schule-schoenberg.de\/?page_id=227\",\"name\":\"F\u00f6rderverein - Viktoria Schule Sch\u00f6nberg\",\"isPartOf\":{\"@id\":\"https:\/\/viktoria-schule-schoenberg.de\/#website\"},\"datePublished\":\"2024-08-16T10:20:58+00:00\",\"dateModified\":\"2025-04-30T11:34:52+00:00\",\"breadcrumb\":{\"@id\":\"https:\/\/viktoria-schule-schoenberg.de\/?page_id=227#breadcrumb\"},\"inLanguage\":\"de\",\"potentialAction\":[{\"@type\":\"ReadAction\",\"target\":[\"https:\/\/viktoria-schule-schoenberg.de\/?page_id=227\"]}]},{\"@type\":\"BreadcrumbList\",\"@id\":\"https:\/\/viktoria-schule-schoenberg.de\/?page_id=227#breadcrumb\",\"itemListElement\":[{\"@type\":\"ListItem\",\"position\":1,\"name\":\"Startseite\",\"item\":\"https:\/\/viktoria-schule-schoenberg.de\/\"},{\"@type\":\"ListItem\",\"position\":2,\"name\":\"F\u00f6rderverein\"}]},{\"@type\":\"WebSite\",\"@id\":\"https:\/\/viktoria-schule-schoenberg.de\/#website\",\"url\":\"https:\/\/viktoria-schule-schoenberg.de\/\",\"name\":\"Viktoria Schule Sch\u00f6nberg\",\"description\":\"\",\"potentialAction\":[{\"@type\":\"SearchAction\",\"target\":{\"@type\":\"EntryPoint\",\"urlTemplate\":\"https:\/\/viktoria-schule-schoenberg.de\/?s={search_term_string}\"},\"query-input\":{\"@type\":\"PropertyValueSpecification\",\"valueRequired\":true,\"valueName\":\"search_term_string\"}}],\"inLanguage\":\"de\"}]}<\/script>\n<!-- \/ Yoast SEO plugin. -->","yoast_head_json":{"title":"F\u00f6rderverein - Viktoria Schule Sch\u00f6nberg","robots":{"index":"index","follow":"follow","max-snippet":"max-snippet:-1","max-image-preview":"max-image-preview:large","max-video-preview":"max-video-preview:-1"},"canonical":"https:\/\/viktoria-schule-schoenberg.de\/?page_id=227","og_locale":"de_DE","og_type":"article","og_title":"F\u00f6rderverein - Viktoria Schule Sch\u00f6nberg","og_description":"******************************************************************************* Eltern k\u00f6nnen hier aktiv mitwirken und sich einbringen. Sie k\u00f6nnen aber auch als passives Mitglied mit einem j\u00e4hrlichen Mitgliedsbeitrag den F\u00f6rderverein in seinem Engagement f\u00fcr unsere Kinder unterst\u00fctzen.&nbsp; Am 27.03.2025 wurden Katharina Werner (zur 1.Vorsitzenden), Antonia Alles (zur 2.Voristzenden) Sybille Conradi (zur Schriftf\u00fchrerin) und Christina Griesser (zur Schatzmeisterin) gew\u00e4hlt. &nbsp; Kontakt:&nbsp;vffviktoriaschule@gmail.com","og_url":"https:\/\/viktoria-schule-schoenberg.de\/?page_id=227","og_site_name":"Viktoria Schule Sch\u00f6nberg","article_modified_time":"2025-04-30T11:34:52+00:00","twitter_card":"summary_large_image","twitter_misc":{"Gesch\u00e4tzte Lesezeit":"1\u00a0Minute"},"schema":{"@context":"https:\/\/schema.org","@graph":[{"@type":"WebPage","@id":"https:\/\/viktoria-schule-schoenberg.de\/?page_id=227","url":"https:\/\/viktoria-schule-schoenberg.de\/?page_id=227","name":"F\u00f6rderverein - Viktoria Schule Sch\u00f6nberg","isPartOf":{"@id":"https:\/\/viktoria-schule-schoenberg.de\/#website"},"datePublished":"2024-08-16T10:20:58+00:00","dateModified":"2025-04-30T11:34:52+00:00","breadcrumb":{"@id":"https:\/\/viktoria-schule-schoenberg.de\/?page_id=227#breadcrumb"},"inLanguage":"de","potentialAction":[{"@type":"ReadAction","target":["https:\/\/viktoria-schule-schoenberg.de\/?page_id=227"]}]},{"@type":"BreadcrumbList","@id":"https:\/\/viktoria-schule-schoenberg.de\/?page_id=227#breadcrumb","itemListElement":[{"@type":"ListItem","position":1,"name":"Startseite","item":"https:\/\/viktoria-schule-schoenberg.de\/"},{"@type":"ListItem","position":2,"name":"F\u00f6rderverein"}]},{"@type":"WebSite","@id":"https:\/\/viktoria-schule-schoenberg.de\/#website","url":"https:\/\/viktoria-schule-schoenberg.de\/","name":"Viktoria Schule Sch\u00f6nberg","description":"","potentialAction":[{"@type":"SearchAction","target":{"@type":"EntryPoint","urlTemplate":"https:\/\/viktoria-schule-schoenberg.de\/?s={search_term_string}"},"query-input":{"@type":"PropertyValueSpecification","valueRequired":true,"valueName":"search_term_string"}}],"inLanguage":"de"}]}},"_links":{"self":[{"href":"https:\/\/viktoria-schule-schoenberg.de\/index.php?rest_route=\/wp\/v2\/pages\/227","targetHints":{"allow":["GET"]}}],"collection":[{"href":"https:\/\/viktoria-schule-schoenberg.de\/index.php?rest_route=\/wp\/v2\/pages"}],"about":[{"href":"https:\/\/viktoria-schule-schoenberg.de\/index.php?rest_route=\/wp\/v2\/types\/page"}],"author":[{"embeddable":true,"href":"https:\/\/viktoria-schule-schoenberg.de\/index.php?rest_route=\/wp\/v2\/users\/1"}],"replies":[{"embeddable":true,"href":"https:\/\/viktoria-schule-schoenberg.de\/index.php?rest_route=%2Fwp%2Fv2%2Fcomments&post=227"}],"version-history":[{"count":22,"href":"https:\/\/viktoria-schule-schoenberg.de\/index.php?rest_route=\/wp\/v2\/pages\/227\/revisions"}],"predecessor-version":[{"id":990,"href":"https:\/\/viktoria-schule-schoenberg.de\/index.php?rest_route=\/wp\/v2\/pages\/227\/revisions\/990"}],"wp:attachment":[{"href":"https:\/\/viktoria-schule-schoenberg.de\/index.php?rest_route=%2Fwp%2Fv2%2Fmedia&parent=227"}],"curies":[{"name":"wp","href":"https:\/\/api.w.org\/{rel}","templated":true}]}}