{"id":216,"date":"2024-08-16T10:21:48","date_gmt":"2024-08-16T10:21:48","guid":{"rendered":"https:\/\/viktoria-schule-schoenberg.de\/?page_id=216"},"modified":"2024-08-21T22:42:43","modified_gmt":"2024-08-21T20:42:43","slug":"praktikum","status":"publish","type":"page","link":"https:\/\/viktoria-schule-schoenberg.de\/?page_id=216","title":{"rendered":"Praktikum"},"content":{"rendered":"\t\t<div data-elementor-type=\"wp-page\" data-elementor-id=\"216\" class=\"elementor elementor-216\" data-elementor-post-type=\"page\">\n\t\t\t\t<div class=\"elementor-element elementor-element-9238fec e-flex e-con-boxed e-con e-parent\" data-id=\"9238fec\" data-element_type=\"container\" data-e-type=\"container\">\n\t\t\t\t\t<div class=\"e-con-inner\">\n\t\t\t\t<div class=\"elementor-element elementor-element-d81b27e elementor-widget elementor-widget-heading\" data-id=\"d81b27e\" data-element_type=\"widget\" data-e-type=\"widget\" data-widget_type=\"heading.default\">\n\t\t\t\t<div class=\"elementor-widget-container\">\n\t\t\t\t\t<h2 class=\"elementor-heading-title elementor-size-default\"><br>Praktikum an der Viktoria-Schule<\/h2>\t\t\t\t<\/div>\n\t\t\t\t<\/div>\n\t\t\t\t\t<\/div>\n\t\t\t\t<\/div>\n\t\t<div class=\"elementor-element elementor-element-b69df71 e-flex e-con-boxed e-con e-parent\" data-id=\"b69df71\" data-element_type=\"container\" data-e-type=\"container\">\n\t\t\t\t\t<div class=\"e-con-inner\">\n\t\t\t\t<div class=\"elementor-element elementor-element-27b20ab elementor-widget elementor-widget-text-editor\" data-id=\"27b20ab\" data-element_type=\"widget\" data-e-type=\"widget\" data-widget_type=\"text-editor.default\">\n\t\t\t\t<div class=\"elementor-widget-container\">\n\t\t\t\t\t\t\t\t\t<p>Wir freuen uns \u00fcber Ihr Interesse an einem Praktikum an der Viktoria-Schule. Wir bieten Praktikumspl\u00e4tze f\u00fcr Sch\u00fclerinnen und Sch\u00fcler der Oberstufe sowie f\u00fcr Studierende an.<br \/>Erforderliche Unterlagen:<br \/>\u2022 Bitte senden Sie uns sp\u00e4testens vier Wochen vor Praktikumsbeginn eine Bewerbung per Post oder E-Mail. In der Bewerbung sollten Sie begr\u00fcnden, warum Sie sich f\u00fcr dieses Praktikum interessieren.<br \/>\u2022 Denken Sie daran, Ihre Kontaktdaten, den gew\u00fcnschten Praktikumszeitraum anzugeben und ein Foto beizuf\u00fcgen.<br \/>\u2022 Wir ben\u00f6tigen au\u00dferdem einen tabellarischen Lebenslauf, ein aktuelles Zeugnis und das Informationsblatt Ihrer Schule oder Universit\u00e4t zum Praktikum.<br \/>\u2022 Fertigen Sie einen Steckbrief \u00fcber sich (DIN A4) f\u00fcr unser \u201cschwarzes Brett\u201d an. Stellen Sie sich kurz vor und notieren Sie die Praktikumsdauer sowie Ihre Fragen und Erwartungen. Auch hier ist ein Foto oder Selbstportr\u00e4t sinnvoll. <br \/>Weitere Hinweise:<br \/>\u2022 Falls Sie einen schriftlichen Praktikumsbericht verfassen m\u00fcssen, geben Sie uns bitte eine Kopie im Sekretariat der Schule ab.<br \/>\u2022 Drucken Sie die Verschwiegenheitserkl\u00e4rung und den Nachweis \u00fcber den Masernschutz aus (siehe Download-Center). Die unterschriebenen Formulare senden Sie uns zusammen mit Ihren Bewerbungsunterlagen zu.<br \/>\u2022 Vor Beginn des Praktikums legen Sie bitte Ihren Impfausweis oder ein \u00e4rztliches Attest im Sekretariat vor, um Ihren vollst\u00e4ndigen Masernschutz zu best\u00e4tigen.<br \/>Erwartungen an Praktikantinnen und Praktikanten:<br \/>\u2022 W\u00e4hrend des Praktikums werden Sie einer Lehrerin oder einem Lehrer zugeteilt.<br \/>\u2022 Der offizielle Dienstbeginn an unserer Schule ist um 07:45 Uhr.<br \/>\u2022 In den Hofpausen sammeln Sie Erfahrungen in der Pausenaufsicht, und nach Schulschluss arbeiten Sie in unserer Betreuung \u201cWilde Horde\u201d weiter.<br \/>\u2022 Unterst\u00fctzen Sie die Kinder bei ihren Hausaufgaben und begleiten Sie sie bei den Aktivit\u00e4ten am Nachmittag.<br \/>\u2022 Wir erwarten ein vorbildliches Auftreten und Verhalten gegen\u00fcber Lehrkr\u00e4ften, Mitarbeitern, Sch\u00fclerinnen und Sch\u00fclern sowie Eltern.<br \/>\u2022 Bitte halten Sie Ihr Smartphone tags\u00fcber stummgeschaltet in einer Tasche.<br \/>\u2022 Bei Krankheit w\u00e4hrend des Praktikums melden Sie sich bitte telefonisch oder per E-Mail ab.<br \/>Wir w\u00fcnschen Ihnen eine bereichernde Zeit an unserer Schule und ein erfolgreiches Praktikum!<br \/>Annika von St\u00fcnzner-Heymann <br \/>Schulleiterin<\/p>\t\t\t\t\t\t\t\t<\/div>\n\t\t\t\t<\/div>\n\t\t\t\t\t<\/div>\n\t\t\t\t<\/div>\n\t\t\t\t<\/div>\n\t\t","protected":false},"excerpt":{"rendered":"<p>Praktikum an der Viktoria-Schule Wir freuen uns \u00fcber Ihr Interesse an einem Praktikum an der Viktoria-Schule. Wir bieten Praktikumspl\u00e4tze f\u00fcr Sch\u00fclerinnen und Sch\u00fcler der Oberstufe sowie f\u00fcr Studierende an.Erforderliche Unterlagen:\u2022 Bitte senden Sie uns sp\u00e4testens vier Wochen vor Praktikumsbeginn eine Bewerbung per Post oder E-Mail. In der Bewerbung sollten Sie begr\u00fcnden, warum Sie sich f\u00fcr [&hellip;]<\/p>\n","protected":false},"author":1,"featured_media":0,"parent":0,"menu_order":0,"comment_status":"closed","ping_status":"closed","template":"","meta":{"footnotes":""},"class_list":["post-216","page","type-page","status-publish","hentry","entry"],"yoast_head":"<!-- This site is optimized with the Yoast SEO plugin v27.1.1 - https:\/\/yoast.com\/product\/yoast-seo-wordpress\/ -->\n<title>Praktikum - Viktoria Schule Sch\u00f6nberg<\/title>\n<meta name=\"robots\" content=\"index, follow, max-snippet:-1, max-image-preview:large, max-video-preview:-1\" \/>\n<link rel=\"canonical\" href=\"https:\/\/viktoria-schule-schoenberg.de\/?page_id=216\" \/>\n<meta property=\"og:locale\" content=\"de_DE\" \/>\n<meta property=\"og:type\" content=\"article\" \/>\n<meta property=\"og:title\" content=\"Praktikum - Viktoria Schule Sch\u00f6nberg\" \/>\n<meta property=\"og:description\" content=\"Praktikum an der Viktoria-Schule Wir freuen uns \u00fcber Ihr Interesse an einem Praktikum an der Viktoria-Schule. Wir bieten Praktikumspl\u00e4tze f\u00fcr Sch\u00fclerinnen und Sch\u00fcler der Oberstufe sowie f\u00fcr Studierende an.Erforderliche Unterlagen:\u2022 Bitte senden Sie uns sp\u00e4testens vier Wochen vor Praktikumsbeginn eine Bewerbung per Post oder E-Mail. In der Bewerbung sollten Sie begr\u00fcnden, warum Sie sich f\u00fcr [&hellip;]\" \/>\n<meta property=\"og:url\" content=\"https:\/\/viktoria-schule-schoenberg.de\/?page_id=216\" \/>\n<meta property=\"og:site_name\" content=\"Viktoria Schule Sch\u00f6nberg\" \/>\n<meta property=\"article:modified_time\" content=\"2024-08-21T20:42:43+00:00\" \/>\n<meta name=\"twitter:card\" content=\"summary_large_image\" \/>\n<meta name=\"twitter:label1\" content=\"Gesch\u00e4tzte Lesezeit\" \/>\n\t<meta name=\"twitter:data1\" content=\"2\u00a0Minuten\" \/>\n<script type=\"application\/ld+json\" class=\"yoast-schema-graph\">{\"@context\":\"https:\/\/schema.org\",\"@graph\":[{\"@type\":\"WebPage\",\"@id\":\"https:\/\/viktoria-schule-schoenberg.de\/?page_id=216\",\"url\":\"https:\/\/viktoria-schule-schoenberg.de\/?page_id=216\",\"name\":\"Praktikum - Viktoria Schule Sch\u00f6nberg\",\"isPartOf\":{\"@id\":\"https:\/\/viktoria-schule-schoenberg.de\/#website\"},\"datePublished\":\"2024-08-16T10:21:48+00:00\",\"dateModified\":\"2024-08-21T20:42:43+00:00\",\"breadcrumb\":{\"@id\":\"https:\/\/viktoria-schule-schoenberg.de\/?page_id=216#breadcrumb\"},\"inLanguage\":\"de\",\"potentialAction\":[{\"@type\":\"ReadAction\",\"target\":[\"https:\/\/viktoria-schule-schoenberg.de\/?page_id=216\"]}]},{\"@type\":\"BreadcrumbList\",\"@id\":\"https:\/\/viktoria-schule-schoenberg.de\/?page_id=216#breadcrumb\",\"itemListElement\":[{\"@type\":\"ListItem\",\"position\":1,\"name\":\"Startseite\",\"item\":\"https:\/\/viktoria-schule-schoenberg.de\/\"},{\"@type\":\"ListItem\",\"position\":2,\"name\":\"Praktikum\"}]},{\"@type\":\"WebSite\",\"@id\":\"https:\/\/viktoria-schule-schoenberg.de\/#website\",\"url\":\"https:\/\/viktoria-schule-schoenberg.de\/\",\"name\":\"Viktoria Schule Sch\u00f6nberg\",\"description\":\"\",\"potentialAction\":[{\"@type\":\"SearchAction\",\"target\":{\"@type\":\"EntryPoint\",\"urlTemplate\":\"https:\/\/viktoria-schule-schoenberg.de\/?s={search_term_string}\"},\"query-input\":{\"@type\":\"PropertyValueSpecification\",\"valueRequired\":true,\"valueName\":\"search_term_string\"}}],\"inLanguage\":\"de\"}]}<\/script>\n<!-- \/ Yoast SEO plugin. -->","yoast_head_json":{"title":"Praktikum - Viktoria Schule Sch\u00f6nberg","robots":{"index":"index","follow":"follow","max-snippet":"max-snippet:-1","max-image-preview":"max-image-preview:large","max-video-preview":"max-video-preview:-1"},"canonical":"https:\/\/viktoria-schule-schoenberg.de\/?page_id=216","og_locale":"de_DE","og_type":"article","og_title":"Praktikum - Viktoria Schule Sch\u00f6nberg","og_description":"Praktikum an der Viktoria-Schule Wir freuen uns \u00fcber Ihr Interesse an einem Praktikum an der Viktoria-Schule. Wir bieten Praktikumspl\u00e4tze f\u00fcr Sch\u00fclerinnen und Sch\u00fcler der Oberstufe sowie f\u00fcr Studierende an.Erforderliche Unterlagen:\u2022 Bitte senden Sie uns sp\u00e4testens vier Wochen vor Praktikumsbeginn eine Bewerbung per Post oder E-Mail. In der Bewerbung sollten Sie begr\u00fcnden, warum Sie sich f\u00fcr [&hellip;]","og_url":"https:\/\/viktoria-schule-schoenberg.de\/?page_id=216","og_site_name":"Viktoria Schule Sch\u00f6nberg","article_modified_time":"2024-08-21T20:42:43+00:00","twitter_card":"summary_large_image","twitter_misc":{"Gesch\u00e4tzte Lesezeit":"2\u00a0Minuten"},"schema":{"@context":"https:\/\/schema.org","@graph":[{"@type":"WebPage","@id":"https:\/\/viktoria-schule-schoenberg.de\/?page_id=216","url":"https:\/\/viktoria-schule-schoenberg.de\/?page_id=216","name":"Praktikum - Viktoria Schule Sch\u00f6nberg","isPartOf":{"@id":"https:\/\/viktoria-schule-schoenberg.de\/#website"},"datePublished":"2024-08-16T10:21:48+00:00","dateModified":"2024-08-21T20:42:43+00:00","breadcrumb":{"@id":"https:\/\/viktoria-schule-schoenberg.de\/?page_id=216#breadcrumb"},"inLanguage":"de","potentialAction":[{"@type":"ReadAction","target":["https:\/\/viktoria-schule-schoenberg.de\/?page_id=216"]}]},{"@type":"BreadcrumbList","@id":"https:\/\/viktoria-schule-schoenberg.de\/?page_id=216#breadcrumb","itemListElement":[{"@type":"ListItem","position":1,"name":"Startseite","item":"https:\/\/viktoria-schule-schoenberg.de\/"},{"@type":"ListItem","position":2,"name":"Praktikum"}]},{"@type":"WebSite","@id":"https:\/\/viktoria-schule-schoenberg.de\/#website","url":"https:\/\/viktoria-schule-schoenberg.de\/","name":"Viktoria Schule Sch\u00f6nberg","description":"","potentialAction":[{"@type":"SearchAction","target":{"@type":"EntryPoint","urlTemplate":"https:\/\/viktoria-schule-schoenberg.de\/?s={search_term_string}"},"query-input":{"@type":"PropertyValueSpecification","valueRequired":true,"valueName":"search_term_string"}}],"inLanguage":"de"}]}},"_links":{"self":[{"href":"https:\/\/viktoria-schule-schoenberg.de\/index.php?rest_route=\/wp\/v2\/pages\/216","targetHints":{"allow":["GET"]}}],"collection":[{"href":"https:\/\/viktoria-schule-schoenberg.de\/index.php?rest_route=\/wp\/v2\/pages"}],"about":[{"href":"https:\/\/viktoria-schule-schoenberg.de\/index.php?rest_route=\/wp\/v2\/types\/page"}],"author":[{"embeddable":true,"href":"https:\/\/viktoria-schule-schoenberg.de\/index.php?rest_route=\/wp\/v2\/users\/1"}],"replies":[{"embeddable":true,"href":"https:\/\/viktoria-schule-schoenberg.de\/index.php?rest_route=%2Fwp%2Fv2%2Fcomments&post=216"}],"version-history":[{"count":10,"href":"https:\/\/viktoria-schule-schoenberg.de\/index.php?rest_route=\/wp\/v2\/pages\/216\/revisions"}],"predecessor-version":[{"id":765,"href":"https:\/\/viktoria-schule-schoenberg.de\/index.php?rest_route=\/wp\/v2\/pages\/216\/revisions\/765"}],"wp:attachment":[{"href":"https:\/\/viktoria-schule-schoenberg.de\/index.php?rest_route=%2Fwp%2Fv2%2Fmedia&parent=216"}],"curies":[{"name":"wp","href":"https:\/\/api.w.org\/{rel}","templated":true}]}}