{"id":210,"date":"2024-08-15T13:48:06","date_gmt":"2024-08-15T13:48:06","guid":{"rendered":"https:\/\/viktoria-schule-schoenberg.de\/?page_id=210"},"modified":"2024-08-22T10:29:35","modified_gmt":"2024-08-22T08:29:35","slug":"leitbild","status":"publish","type":"page","link":"https:\/\/viktoria-schule-schoenberg.de\/?page_id=210","title":{"rendered":"Leitbild"},"content":{"rendered":"\t\t<div data-elementor-type=\"wp-page\" data-elementor-id=\"210\" class=\"elementor elementor-210\" data-elementor-post-type=\"page\">\n\t\t\t\t<div class=\"elementor-element elementor-element-74447a4 e-flex e-con-boxed e-con e-parent\" data-id=\"74447a4\" data-element_type=\"container\" data-e-type=\"container\">\n\t\t\t\t\t<div class=\"e-con-inner\">\n\t\t\t\t<div class=\"elementor-element elementor-element-fcea6d6 elementor-widget elementor-widget-spacer\" data-id=\"fcea6d6\" data-element_type=\"widget\" data-e-type=\"widget\" data-widget_type=\"spacer.default\">\n\t\t\t\t<div class=\"elementor-widget-container\">\n\t\t\t\t\t\t\t<div class=\"elementor-spacer\">\n\t\t\t<div class=\"elementor-spacer-inner\"><\/div>\n\t\t<\/div>\n\t\t\t\t\t\t<\/div>\n\t\t\t\t<\/div>\n\t\t\t\t<div class=\"elementor-element elementor-element-bed74d8 elementor-widget elementor-widget-heading\" data-id=\"bed74d8\" data-element_type=\"widget\" data-e-type=\"widget\" data-widget_type=\"heading.default\">\n\t\t\t\t<div class=\"elementor-widget-container\">\n\t\t\t\t\t<h2 class=\"elementor-heading-title elementor-size-default\">Leitbild<\/h2>\t\t\t\t<\/div>\n\t\t\t\t<\/div>\n\t\t\t\t<div class=\"elementor-element elementor-element-745f129 elementor-widget elementor-widget-image\" data-id=\"745f129\" data-element_type=\"widget\" data-e-type=\"widget\" data-widget_type=\"image.default\">\n\t\t\t\t<div class=\"elementor-widget-container\">\n\t\t\t\t\t\t\t\t\t\t\t\t\t\t\t<img fetchpriority=\"high\" decoding=\"async\" width=\"1024\" height=\"576\" src=\"https:\/\/viktoria-schule-schoenberg.de\/wp-content\/uploads\/2024\/08\/Wortwolke_Leitbild2.0-1024x576.jpg\" class=\"attachment-large size-large wp-image-346\" alt=\"\" srcset=\"https:\/\/viktoria-schule-schoenberg.de\/wp-content\/uploads\/2024\/08\/Wortwolke_Leitbild2.0-1024x576.jpg 1024w, https:\/\/viktoria-schule-schoenberg.de\/wp-content\/uploads\/2024\/08\/Wortwolke_Leitbild2.0-300x169.jpg 300w, https:\/\/viktoria-schule-schoenberg.de\/wp-content\/uploads\/2024\/08\/Wortwolke_Leitbild2.0-768x432.jpg 768w, https:\/\/viktoria-schule-schoenberg.de\/wp-content\/uploads\/2024\/08\/Wortwolke_Leitbild2.0-1536x864.jpg 1536w, https:\/\/viktoria-schule-schoenberg.de\/wp-content\/uploads\/2024\/08\/Wortwolke_Leitbild2.0-800x450.jpg 800w, https:\/\/viktoria-schule-schoenberg.de\/wp-content\/uploads\/2024\/08\/Wortwolke_Leitbild2.0.jpg 1920w\" sizes=\"(max-width: 1024px) 100vw, 1024px\" \/>\t\t\t\t\t\t\t\t\t\t\t\t\t\t\t<\/div>\n\t\t\t\t<\/div>\n\t\t\t\t\t<\/div>\n\t\t\t\t<\/div>\n\t\t<div class=\"elementor-element elementor-element-7b9f103 e-flex e-con-boxed e-con e-parent\" data-id=\"7b9f103\" data-element_type=\"container\" data-e-type=\"container\">\n\t\t\t\t\t<div class=\"e-con-inner\">\n\t\t\t\t<div class=\"elementor-element elementor-element-58433f5 elementor-widget elementor-widget-text-editor\" data-id=\"58433f5\" data-element_type=\"widget\" data-e-type=\"widget\" data-widget_type=\"text-editor.default\">\n\t\t\t\t<div class=\"elementor-widget-container\">\n\t\t\t\t\t\t\t\t\t<ul><li>Gemeinsam mit unseren Sch\u00fclerinnen und Sch\u00fclern wollen wir unsere Schule als ein positives Lernumfeld gestalten und ein Gef\u00fchl der Gemeinschaft und Zusammengeh\u00f6rigkeit vermitteln.<\/li><li>Als Schule wollen wir die individuelle Leistungsf\u00e4higkeit unserer Sch\u00fclerinnen und Sch\u00fcler anerkennen und f\u00f6rdern.<\/li><li>Als Schule wollen wir mit den Eltern unserer Sch\u00fclerinnen und Sch\u00fcler und au\u00dferschulischen Institutionen eng zusammenarbeiten.<\/li><li>Als Schule wollen wir dem nat\u00fcrlichen Bewegungsdrang unserer Sch\u00fclerinnen und Sch\u00fcler gerecht werden.<\/li><li>Als Schule wollen wir die Selbst\u00e4ndigkeit unserer Sch\u00fclerinnen und Sch\u00fcler f\u00f6rdern.<\/li><li>Als Naturpark-Schule wollen wir vielf\u00e4ltige Lernerfahrungen durch das Erleben der eigenen Umwelt im Naturpark Taunus nachhaltig vermitteln.<\/li><\/ul>\t\t\t\t\t\t\t\t<\/div>\n\t\t\t\t<\/div>\n\t\t\t\t\t<\/div>\n\t\t\t\t<\/div>\n\t\t\t\t<\/div>\n\t\t","protected":false},"excerpt":{"rendered":"<p>Leitbild Gemeinsam mit unseren Sch\u00fclerinnen und Sch\u00fclern wollen wir unsere Schule als ein positives Lernumfeld gestalten und ein Gef\u00fchl der Gemeinschaft und Zusammengeh\u00f6rigkeit vermitteln. Als Schule wollen wir die individuelle Leistungsf\u00e4higkeit unserer Sch\u00fclerinnen und Sch\u00fcler anerkennen und f\u00f6rdern. Als Schule wollen wir mit den Eltern unserer Sch\u00fclerinnen und Sch\u00fcler und au\u00dferschulischen Institutionen eng zusammenarbeiten. Als [&hellip;]<\/p>\n","protected":false},"author":1,"featured_media":0,"parent":0,"menu_order":0,"comment_status":"closed","ping_status":"closed","template":"","meta":{"footnotes":""},"class_list":["post-210","page","type-page","status-publish","hentry","entry"],"yoast_head":"<!-- This site is optimized with the Yoast SEO plugin v27.1.1 - https:\/\/yoast.com\/product\/yoast-seo-wordpress\/ -->\n<title>Leitbild - Viktoria Schule Sch\u00f6nberg<\/title>\n<meta name=\"robots\" content=\"index, follow, max-snippet:-1, max-image-preview:large, max-video-preview:-1\" \/>\n<link rel=\"canonical\" href=\"https:\/\/viktoria-schule-schoenberg.de\/?page_id=210\" \/>\n<meta property=\"og:locale\" content=\"de_DE\" \/>\n<meta property=\"og:type\" content=\"article\" \/>\n<meta property=\"og:title\" content=\"Leitbild - Viktoria Schule Sch\u00f6nberg\" \/>\n<meta property=\"og:description\" content=\"Leitbild Gemeinsam mit unseren Sch\u00fclerinnen und Sch\u00fclern wollen wir unsere Schule als ein positives Lernumfeld gestalten und ein Gef\u00fchl der Gemeinschaft und Zusammengeh\u00f6rigkeit vermitteln. Als Schule wollen wir die individuelle Leistungsf\u00e4higkeit unserer Sch\u00fclerinnen und Sch\u00fcler anerkennen und f\u00f6rdern. Als Schule wollen wir mit den Eltern unserer Sch\u00fclerinnen und Sch\u00fcler und au\u00dferschulischen Institutionen eng zusammenarbeiten. Als [&hellip;]\" \/>\n<meta property=\"og:url\" content=\"https:\/\/viktoria-schule-schoenberg.de\/?page_id=210\" \/>\n<meta property=\"og:site_name\" content=\"Viktoria Schule Sch\u00f6nberg\" \/>\n<meta property=\"article:modified_time\" content=\"2024-08-22T08:29:35+00:00\" \/>\n<meta property=\"og:image\" content=\"https:\/\/viktoria-schule-schoenberg.de\/wp-content\/uploads\/2024\/08\/Wortwolke_Leitbild2.0-1024x576.jpg\" \/>\n<meta name=\"twitter:card\" content=\"summary_large_image\" \/>\n<meta name=\"twitter:label1\" content=\"Gesch\u00e4tzte Lesezeit\" \/>\n\t<meta name=\"twitter:data1\" content=\"1\u00a0Minute\" \/>\n<script type=\"application\/ld+json\" class=\"yoast-schema-graph\">{\"@context\":\"https:\/\/schema.org\",\"@graph\":[{\"@type\":\"WebPage\",\"@id\":\"https:\/\/viktoria-schule-schoenberg.de\/?page_id=210\",\"url\":\"https:\/\/viktoria-schule-schoenberg.de\/?page_id=210\",\"name\":\"Leitbild - Viktoria Schule Sch\u00f6nberg\",\"isPartOf\":{\"@id\":\"https:\/\/viktoria-schule-schoenberg.de\/#website\"},\"primaryImageOfPage\":{\"@id\":\"https:\/\/viktoria-schule-schoenberg.de\/?page_id=210#primaryimage\"},\"image\":{\"@id\":\"https:\/\/viktoria-schule-schoenberg.de\/?page_id=210#primaryimage\"},\"thumbnailUrl\":\"https:\/\/viktoria-schule-schoenberg.de\/wp-content\/uploads\/2024\/08\/Wortwolke_Leitbild2.0-1024x576.jpg\",\"datePublished\":\"2024-08-15T13:48:06+00:00\",\"dateModified\":\"2024-08-22T08:29:35+00:00\",\"breadcrumb\":{\"@id\":\"https:\/\/viktoria-schule-schoenberg.de\/?page_id=210#breadcrumb\"},\"inLanguage\":\"de\",\"potentialAction\":[{\"@type\":\"ReadAction\",\"target\":[\"https:\/\/viktoria-schule-schoenberg.de\/?page_id=210\"]}]},{\"@type\":\"ImageObject\",\"inLanguage\":\"de\",\"@id\":\"https:\/\/viktoria-schule-schoenberg.de\/?page_id=210#primaryimage\",\"url\":\"https:\/\/viktoria-schule-schoenberg.de\/wp-content\/uploads\/2024\/08\/Wortwolke_Leitbild2.0.jpg\",\"contentUrl\":\"https:\/\/viktoria-schule-schoenberg.de\/wp-content\/uploads\/2024\/08\/Wortwolke_Leitbild2.0.jpg\",\"width\":1920,\"height\":1080},{\"@type\":\"BreadcrumbList\",\"@id\":\"https:\/\/viktoria-schule-schoenberg.de\/?page_id=210#breadcrumb\",\"itemListElement\":[{\"@type\":\"ListItem\",\"position\":1,\"name\":\"Startseite\",\"item\":\"https:\/\/viktoria-schule-schoenberg.de\/\"},{\"@type\":\"ListItem\",\"position\":2,\"name\":\"Leitbild\"}]},{\"@type\":\"WebSite\",\"@id\":\"https:\/\/viktoria-schule-schoenberg.de\/#website\",\"url\":\"https:\/\/viktoria-schule-schoenberg.de\/\",\"name\":\"Viktoria Schule Sch\u00f6nberg\",\"description\":\"\",\"potentialAction\":[{\"@type\":\"SearchAction\",\"target\":{\"@type\":\"EntryPoint\",\"urlTemplate\":\"https:\/\/viktoria-schule-schoenberg.de\/?s={search_term_string}\"},\"query-input\":{\"@type\":\"PropertyValueSpecification\",\"valueRequired\":true,\"valueName\":\"search_term_string\"}}],\"inLanguage\":\"de\"}]}<\/script>\n<!-- \/ Yoast SEO plugin. -->","yoast_head_json":{"title":"Leitbild - Viktoria Schule Sch\u00f6nberg","robots":{"index":"index","follow":"follow","max-snippet":"max-snippet:-1","max-image-preview":"max-image-preview:large","max-video-preview":"max-video-preview:-1"},"canonical":"https:\/\/viktoria-schule-schoenberg.de\/?page_id=210","og_locale":"de_DE","og_type":"article","og_title":"Leitbild - Viktoria Schule Sch\u00f6nberg","og_description":"Leitbild Gemeinsam mit unseren Sch\u00fclerinnen und Sch\u00fclern wollen wir unsere Schule als ein positives Lernumfeld gestalten und ein Gef\u00fchl der Gemeinschaft und Zusammengeh\u00f6rigkeit vermitteln. Als Schule wollen wir die individuelle Leistungsf\u00e4higkeit unserer Sch\u00fclerinnen und Sch\u00fcler anerkennen und f\u00f6rdern. Als Schule wollen wir mit den Eltern unserer Sch\u00fclerinnen und Sch\u00fcler und au\u00dferschulischen Institutionen eng zusammenarbeiten. Als [&hellip;]","og_url":"https:\/\/viktoria-schule-schoenberg.de\/?page_id=210","og_site_name":"Viktoria Schule Sch\u00f6nberg","article_modified_time":"2024-08-22T08:29:35+00:00","og_image":[{"url":"https:\/\/viktoria-schule-schoenberg.de\/wp-content\/uploads\/2024\/08\/Wortwolke_Leitbild2.0-1024x576.jpg","type":"","width":"","height":""}],"twitter_card":"summary_large_image","twitter_misc":{"Gesch\u00e4tzte Lesezeit":"1\u00a0Minute"},"schema":{"@context":"https:\/\/schema.org","@graph":[{"@type":"WebPage","@id":"https:\/\/viktoria-schule-schoenberg.de\/?page_id=210","url":"https:\/\/viktoria-schule-schoenberg.de\/?page_id=210","name":"Leitbild - Viktoria Schule Sch\u00f6nberg","isPartOf":{"@id":"https:\/\/viktoria-schule-schoenberg.de\/#website"},"primaryImageOfPage":{"@id":"https:\/\/viktoria-schule-schoenberg.de\/?page_id=210#primaryimage"},"image":{"@id":"https:\/\/viktoria-schule-schoenberg.de\/?page_id=210#primaryimage"},"thumbnailUrl":"https:\/\/viktoria-schule-schoenberg.de\/wp-content\/uploads\/2024\/08\/Wortwolke_Leitbild2.0-1024x576.jpg","datePublished":"2024-08-15T13:48:06+00:00","dateModified":"2024-08-22T08:29:35+00:00","breadcrumb":{"@id":"https:\/\/viktoria-schule-schoenberg.de\/?page_id=210#breadcrumb"},"inLanguage":"de","potentialAction":[{"@type":"ReadAction","target":["https:\/\/viktoria-schule-schoenberg.de\/?page_id=210"]}]},{"@type":"ImageObject","inLanguage":"de","@id":"https:\/\/viktoria-schule-schoenberg.de\/?page_id=210#primaryimage","url":"https:\/\/viktoria-schule-schoenberg.de\/wp-content\/uploads\/2024\/08\/Wortwolke_Leitbild2.0.jpg","contentUrl":"https:\/\/viktoria-schule-schoenberg.de\/wp-content\/uploads\/2024\/08\/Wortwolke_Leitbild2.0.jpg","width":1920,"height":1080},{"@type":"BreadcrumbList","@id":"https:\/\/viktoria-schule-schoenberg.de\/?page_id=210#breadcrumb","itemListElement":[{"@type":"ListItem","position":1,"name":"Startseite","item":"https:\/\/viktoria-schule-schoenberg.de\/"},{"@type":"ListItem","position":2,"name":"Leitbild"}]},{"@type":"WebSite","@id":"https:\/\/viktoria-schule-schoenberg.de\/#website","url":"https:\/\/viktoria-schule-schoenberg.de\/","name":"Viktoria Schule Sch\u00f6nberg","description":"","potentialAction":[{"@type":"SearchAction","target":{"@type":"EntryPoint","urlTemplate":"https:\/\/viktoria-schule-schoenberg.de\/?s={search_term_string}"},"query-input":{"@type":"PropertyValueSpecification","valueRequired":true,"valueName":"search_term_string"}}],"inLanguage":"de"}]}},"_links":{"self":[{"href":"https:\/\/viktoria-schule-schoenberg.de\/index.php?rest_route=\/wp\/v2\/pages\/210","targetHints":{"allow":["GET"]}}],"collection":[{"href":"https:\/\/viktoria-schule-schoenberg.de\/index.php?rest_route=\/wp\/v2\/pages"}],"about":[{"href":"https:\/\/viktoria-schule-schoenberg.de\/index.php?rest_route=\/wp\/v2\/types\/page"}],"author":[{"embeddable":true,"href":"https:\/\/viktoria-schule-schoenberg.de\/index.php?rest_route=\/wp\/v2\/users\/1"}],"replies":[{"embeddable":true,"href":"https:\/\/viktoria-schule-schoenberg.de\/index.php?rest_route=%2Fwp%2Fv2%2Fcomments&post=210"}],"version-history":[{"count":14,"href":"https:\/\/viktoria-schule-schoenberg.de\/index.php?rest_route=\/wp\/v2\/pages\/210\/revisions"}],"predecessor-version":[{"id":783,"href":"https:\/\/viktoria-schule-schoenberg.de\/index.php?rest_route=\/wp\/v2\/pages\/210\/revisions\/783"}],"wp:attachment":[{"href":"https:\/\/viktoria-schule-schoenberg.de\/index.php?rest_route=%2Fwp%2Fv2%2Fmedia&parent=210"}],"curies":[{"name":"wp","href":"https:\/\/api.w.org\/{rel}","templated":true}]}}