{"id":206,"date":"2024-08-14T11:26:27","date_gmt":"2024-08-14T11:26:27","guid":{"rendered":"https:\/\/viktoria-schule-schoenberg.de\/?page_id=206"},"modified":"2024-11-06T14:08:26","modified_gmt":"2024-11-06T13:08:26","slug":"ansprechpartner-schule","status":"publish","type":"page","link":"https:\/\/viktoria-schule-schoenberg.de\/?page_id=206","title":{"rendered":"Ansprechpartner Schule"},"content":{"rendered":"\t\t<div data-elementor-type=\"wp-page\" data-elementor-id=\"206\" class=\"elementor elementor-206\" data-elementor-post-type=\"page\">\n\t\t\t\t<div class=\"elementor-element elementor-element-f678532 e-flex e-con-boxed e-con e-parent\" data-id=\"f678532\" data-element_type=\"container\" data-e-type=\"container\">\n\t\t\t\t\t<div class=\"e-con-inner\">\n\t\t\t\t<div class=\"elementor-element elementor-element-16184b7 elementor-widget elementor-widget-spacer\" data-id=\"16184b7\" data-element_type=\"widget\" data-e-type=\"widget\" data-widget_type=\"spacer.default\">\n\t\t\t\t<div class=\"elementor-widget-container\">\n\t\t\t\t\t\t\t<div class=\"elementor-spacer\">\n\t\t\t<div class=\"elementor-spacer-inner\"><\/div>\n\t\t<\/div>\n\t\t\t\t\t\t<\/div>\n\t\t\t\t<\/div>\n\t\t\t\t\t<\/div>\n\t\t\t\t<\/div>\n\t\t<div class=\"elementor-element elementor-element-ff18477 e-flex e-con-boxed e-con e-parent\" data-id=\"ff18477\" data-element_type=\"container\" data-e-type=\"container\">\n\t\t\t\t\t<div class=\"e-con-inner\">\n\t\t\t\t<div class=\"elementor-element elementor-element-07d65eb elementor-widget elementor-widget-heading\" data-id=\"07d65eb\" data-element_type=\"widget\" data-e-type=\"widget\" data-widget_type=\"heading.default\">\n\t\t\t\t<div class=\"elementor-widget-container\">\n\t\t\t\t\t<h2 class=\"elementor-heading-title elementor-size-default\">Kontakt<\/h2>\t\t\t\t<\/div>\n\t\t\t\t<\/div>\n\t\t\t\t<div class=\"elementor-element elementor-element-e76b7a5 elementor-widget elementor-widget-text-editor\" data-id=\"e76b7a5\" data-element_type=\"widget\" data-e-type=\"widget\" data-widget_type=\"text-editor.default\">\n\t\t\t\t<div class=\"elementor-widget-container\">\n\t\t\t\t\t\t\t\t\t<p>Annika von St\u00fcnzner-Heymann, Schulleiterin<br \/><a href=\"mailto:heymann(at)schule.hessen.de\" target=\"_blank\" rel=\"noopener\">Annika.vonstuenzner-heymann(at)schule.hessen.de<\/a><\/p><p>Susanne J\u00e4ger, Konrektorin<br \/><a href=\"mailto:Susanne.jaeger(at)schule.hessen.de\" target=\"_blank\" rel=\"noopener\">Susanne.jaeger(at)schule.hessen.de<\/a><\/p><p>Annette Kapp, Leiterin der Betreuung\u00a0<br \/><a href=\"mailto:Betreuung(at)vks.hochtaunuskreis.net\" target=\"_blank\" rel=\"noopener\">Betreuung(at)vks.hochtaunuskreis.net<\/a><\/p><p>Gabi Treffert, Schulsekret\u00e4rin<br \/><a href=\"mailto: Verwaltung(at)vks.hochtaunuskreis.net\" target=\"_blank\" rel=\"noopener\">Verwaltung(at)vks.hochtaunuskreis.net<\/a><\/p><p>Kurban Kurbanov, Schulhausmeister<\/p><p><a style=\"font-variant-ligatures: normal; font-variant-caps: normal; font-family: Arial, arial; font-size: 20px; font-style: normal; font-weight: 400; transition-property: all;\" href=\"mailto:%20hausmeister(at)vks.hochtaunuskreis.net\" target=\"_blank\" rel=\"noopener\">hausmeister(at)vks.hochtaunuskreis.net<\/a><\/p>\t\t\t\t\t\t\t\t<\/div>\n\t\t\t\t<\/div>\n\t\t\t\t\t<\/div>\n\t\t\t\t<\/div>\n\t\t<div class=\"elementor-element elementor-element-3ead868 e-flex e-con-boxed e-con e-parent\" data-id=\"3ead868\" data-element_type=\"container\" data-e-type=\"container\">\n\t\t\t\t\t<div class=\"e-con-inner\">\n\t\t\t\t<div class=\"elementor-element elementor-element-d80931b elementor-widget elementor-widget-text-editor\" data-id=\"d80931b\" data-element_type=\"widget\" data-e-type=\"widget\" data-widget_type=\"text-editor.default\">\n\t\t\t\t<div class=\"elementor-widget-container\">\n\t\t\t\t\t\t\t\t\t<p>Das Sekretariat ist von montags bis donnerstags von 8.00 bis 12.00 Uhr besetzt. Rufen Sie bitte in diesem Zeitraum an oder sprechen Sie uns eine Nachricht auf den Anrufbeantworter. <br \/>Frau Treffert hilft gerne weiter.<\/p><p>Telefon: +49 (0) 6173 320376<\/p><p>Wir sprechen flie\u00dfend Englisch und Deutsch.<\/p><p>Die Betreuung erreichen Sie direkt unter +49 (0) 6173\u00a0 601 14 23.<\/p>\t\t\t\t\t\t\t\t<\/div>\n\t\t\t\t<\/div>\n\t\t\t\t\t<\/div>\n\t\t\t\t<\/div>\n\t\t\t\t<\/div>\n\t\t","protected":false},"excerpt":{"rendered":"<p>Kontakt Annika von St\u00fcnzner-Heymann, SchulleiterinAnnika.vonstuenzner-heymann(at)schule.hessen.de Susanne J\u00e4ger, KonrektorinSusanne.jaeger(at)schule.hessen.de Annette Kapp, Leiterin der Betreuung\u00a0Betreuung(at)vks.hochtaunuskreis.net Gabi Treffert, Schulsekret\u00e4rinVerwaltung(at)vks.hochtaunuskreis.net Kurban Kurbanov, Schulhausmeister hausmeister(at)vks.hochtaunuskreis.net Das Sekretariat ist von montags bis donnerstags von 8.00 bis 12.00 Uhr besetzt. Rufen Sie bitte in diesem Zeitraum an oder sprechen Sie uns eine Nachricht auf den Anrufbeantworter. Frau Treffert hilft gerne weiter. Telefon: [&hellip;]<\/p>\n","protected":false},"author":1,"featured_media":0,"parent":0,"menu_order":0,"comment_status":"closed","ping_status":"closed","template":"","meta":{"footnotes":""},"class_list":["post-206","page","type-page","status-publish","hentry","entry"],"yoast_head":"<!-- This site is optimized with the Yoast SEO plugin v27.1.1 - https:\/\/yoast.com\/product\/yoast-seo-wordpress\/ -->\n<title>Ansprechpartner Schule - Viktoria Schule Sch\u00f6nberg<\/title>\n<meta name=\"robots\" content=\"index, follow, max-snippet:-1, max-image-preview:large, max-video-preview:-1\" \/>\n<link rel=\"canonical\" href=\"https:\/\/viktoria-schule-schoenberg.de\/?page_id=206\" \/>\n<meta property=\"og:locale\" content=\"de_DE\" \/>\n<meta property=\"og:type\" content=\"article\" \/>\n<meta property=\"og:title\" content=\"Ansprechpartner Schule - Viktoria Schule Sch\u00f6nberg\" \/>\n<meta property=\"og:description\" content=\"Kontakt Annika von St\u00fcnzner-Heymann, SchulleiterinAnnika.vonstuenzner-heymann(at)schule.hessen.de Susanne J\u00e4ger, KonrektorinSusanne.jaeger(at)schule.hessen.de Annette Kapp, Leiterin der Betreuung\u00a0Betreuung(at)vks.hochtaunuskreis.net Gabi Treffert, Schulsekret\u00e4rinVerwaltung(at)vks.hochtaunuskreis.net Kurban Kurbanov, Schulhausmeister hausmeister(at)vks.hochtaunuskreis.net Das Sekretariat ist von montags bis donnerstags von 8.00 bis 12.00 Uhr besetzt. Rufen Sie bitte in diesem Zeitraum an oder sprechen Sie uns eine Nachricht auf den Anrufbeantworter. Frau Treffert hilft gerne weiter. Telefon: [&hellip;]\" \/>\n<meta property=\"og:url\" content=\"https:\/\/viktoria-schule-schoenberg.de\/?page_id=206\" \/>\n<meta property=\"og:site_name\" content=\"Viktoria Schule Sch\u00f6nberg\" \/>\n<meta property=\"article:modified_time\" content=\"2024-11-06T13:08:26+00:00\" \/>\n<meta name=\"twitter:card\" content=\"summary_large_image\" \/>\n<meta name=\"twitter:label1\" content=\"Gesch\u00e4tzte Lesezeit\" \/>\n\t<meta name=\"twitter:data1\" content=\"1\u00a0Minute\" \/>\n<script type=\"application\/ld+json\" class=\"yoast-schema-graph\">{\"@context\":\"https:\/\/schema.org\",\"@graph\":[{\"@type\":\"WebPage\",\"@id\":\"https:\/\/viktoria-schule-schoenberg.de\/?page_id=206\",\"url\":\"https:\/\/viktoria-schule-schoenberg.de\/?page_id=206\",\"name\":\"Ansprechpartner Schule - Viktoria Schule Sch\u00f6nberg\",\"isPartOf\":{\"@id\":\"https:\/\/viktoria-schule-schoenberg.de\/#website\"},\"datePublished\":\"2024-08-14T11:26:27+00:00\",\"dateModified\":\"2024-11-06T13:08:26+00:00\",\"breadcrumb\":{\"@id\":\"https:\/\/viktoria-schule-schoenberg.de\/?page_id=206#breadcrumb\"},\"inLanguage\":\"de\",\"potentialAction\":[{\"@type\":\"ReadAction\",\"target\":[\"https:\/\/viktoria-schule-schoenberg.de\/?page_id=206\"]}]},{\"@type\":\"BreadcrumbList\",\"@id\":\"https:\/\/viktoria-schule-schoenberg.de\/?page_id=206#breadcrumb\",\"itemListElement\":[{\"@type\":\"ListItem\",\"position\":1,\"name\":\"Startseite\",\"item\":\"https:\/\/viktoria-schule-schoenberg.de\/\"},{\"@type\":\"ListItem\",\"position\":2,\"name\":\"Ansprechpartner Schule\"}]},{\"@type\":\"WebSite\",\"@id\":\"https:\/\/viktoria-schule-schoenberg.de\/#website\",\"url\":\"https:\/\/viktoria-schule-schoenberg.de\/\",\"name\":\"Viktoria Schule Sch\u00f6nberg\",\"description\":\"\",\"potentialAction\":[{\"@type\":\"SearchAction\",\"target\":{\"@type\":\"EntryPoint\",\"urlTemplate\":\"https:\/\/viktoria-schule-schoenberg.de\/?s={search_term_string}\"},\"query-input\":{\"@type\":\"PropertyValueSpecification\",\"valueRequired\":true,\"valueName\":\"search_term_string\"}}],\"inLanguage\":\"de\"}]}<\/script>\n<!-- \/ Yoast SEO plugin. -->","yoast_head_json":{"title":"Ansprechpartner Schule - Viktoria Schule Sch\u00f6nberg","robots":{"index":"index","follow":"follow","max-snippet":"max-snippet:-1","max-image-preview":"max-image-preview:large","max-video-preview":"max-video-preview:-1"},"canonical":"https:\/\/viktoria-schule-schoenberg.de\/?page_id=206","og_locale":"de_DE","og_type":"article","og_title":"Ansprechpartner Schule - Viktoria Schule Sch\u00f6nberg","og_description":"Kontakt Annika von St\u00fcnzner-Heymann, SchulleiterinAnnika.vonstuenzner-heymann(at)schule.hessen.de Susanne J\u00e4ger, KonrektorinSusanne.jaeger(at)schule.hessen.de Annette Kapp, Leiterin der Betreuung\u00a0Betreuung(at)vks.hochtaunuskreis.net Gabi Treffert, Schulsekret\u00e4rinVerwaltung(at)vks.hochtaunuskreis.net Kurban Kurbanov, Schulhausmeister hausmeister(at)vks.hochtaunuskreis.net Das Sekretariat ist von montags bis donnerstags von 8.00 bis 12.00 Uhr besetzt. Rufen Sie bitte in diesem Zeitraum an oder sprechen Sie uns eine Nachricht auf den Anrufbeantworter. Frau Treffert hilft gerne weiter. Telefon: [&hellip;]","og_url":"https:\/\/viktoria-schule-schoenberg.de\/?page_id=206","og_site_name":"Viktoria Schule Sch\u00f6nberg","article_modified_time":"2024-11-06T13:08:26+00:00","twitter_card":"summary_large_image","twitter_misc":{"Gesch\u00e4tzte Lesezeit":"1\u00a0Minute"},"schema":{"@context":"https:\/\/schema.org","@graph":[{"@type":"WebPage","@id":"https:\/\/viktoria-schule-schoenberg.de\/?page_id=206","url":"https:\/\/viktoria-schule-schoenberg.de\/?page_id=206","name":"Ansprechpartner Schule - Viktoria Schule Sch\u00f6nberg","isPartOf":{"@id":"https:\/\/viktoria-schule-schoenberg.de\/#website"},"datePublished":"2024-08-14T11:26:27+00:00","dateModified":"2024-11-06T13:08:26+00:00","breadcrumb":{"@id":"https:\/\/viktoria-schule-schoenberg.de\/?page_id=206#breadcrumb"},"inLanguage":"de","potentialAction":[{"@type":"ReadAction","target":["https:\/\/viktoria-schule-schoenberg.de\/?page_id=206"]}]},{"@type":"BreadcrumbList","@id":"https:\/\/viktoria-schule-schoenberg.de\/?page_id=206#breadcrumb","itemListElement":[{"@type":"ListItem","position":1,"name":"Startseite","item":"https:\/\/viktoria-schule-schoenberg.de\/"},{"@type":"ListItem","position":2,"name":"Ansprechpartner Schule"}]},{"@type":"WebSite","@id":"https:\/\/viktoria-schule-schoenberg.de\/#website","url":"https:\/\/viktoria-schule-schoenberg.de\/","name":"Viktoria Schule Sch\u00f6nberg","description":"","potentialAction":[{"@type":"SearchAction","target":{"@type":"EntryPoint","urlTemplate":"https:\/\/viktoria-schule-schoenberg.de\/?s={search_term_string}"},"query-input":{"@type":"PropertyValueSpecification","valueRequired":true,"valueName":"search_term_string"}}],"inLanguage":"de"}]}},"_links":{"self":[{"href":"https:\/\/viktoria-schule-schoenberg.de\/index.php?rest_route=\/wp\/v2\/pages\/206","targetHints":{"allow":["GET"]}}],"collection":[{"href":"https:\/\/viktoria-schule-schoenberg.de\/index.php?rest_route=\/wp\/v2\/pages"}],"about":[{"href":"https:\/\/viktoria-schule-schoenberg.de\/index.php?rest_route=\/wp\/v2\/types\/page"}],"author":[{"embeddable":true,"href":"https:\/\/viktoria-schule-schoenberg.de\/index.php?rest_route=\/wp\/v2\/users\/1"}],"replies":[{"embeddable":true,"href":"https:\/\/viktoria-schule-schoenberg.de\/index.php?rest_route=%2Fwp%2Fv2%2Fcomments&post=206"}],"version-history":[{"count":28,"href":"https:\/\/viktoria-schule-schoenberg.de\/index.php?rest_route=\/wp\/v2\/pages\/206\/revisions"}],"predecessor-version":[{"id":966,"href":"https:\/\/viktoria-schule-schoenberg.de\/index.php?rest_route=\/wp\/v2\/pages\/206\/revisions\/966"}],"wp:attachment":[{"href":"https:\/\/viktoria-schule-schoenberg.de\/index.php?rest_route=%2Fwp%2Fv2%2Fmedia&parent=206"}],"curies":[{"name":"wp","href":"https:\/\/api.w.org\/{rel}","templated":true}]}}