{"id":204,"date":"2024-08-15T11:58:14","date_gmt":"2024-08-15T11:58:14","guid":{"rendered":"https:\/\/viktoria-schule-schoenberg.de\/?page_id=204"},"modified":"2024-08-21T12:02:30","modified_gmt":"2024-08-21T10:02:30","slug":"lehrkrafte","status":"publish","type":"page","link":"https:\/\/viktoria-schule-schoenberg.de\/?page_id=204","title":{"rendered":"Lehrkr\u00e4fte"},"content":{"rendered":"\t\t<div data-elementor-type=\"wp-page\" data-elementor-id=\"204\" class=\"elementor elementor-204\" data-elementor-post-type=\"page\">\n\t\t\t\t<div class=\"elementor-element elementor-element-81fff6d e-flex e-con-boxed e-con e-parent\" data-id=\"81fff6d\" data-element_type=\"container\" data-e-type=\"container\">\n\t\t\t\t\t<div class=\"e-con-inner\">\n\t\t\t\t<div class=\"elementor-element elementor-element-085accb elementor-widget elementor-widget-spacer\" data-id=\"085accb\" data-element_type=\"widget\" data-e-type=\"widget\" data-widget_type=\"spacer.default\">\n\t\t\t\t<div class=\"elementor-widget-container\">\n\t\t\t\t\t\t\t<div class=\"elementor-spacer\">\n\t\t\t<div class=\"elementor-spacer-inner\"><\/div>\n\t\t<\/div>\n\t\t\t\t\t\t<\/div>\n\t\t\t\t<\/div>\n\t\t\t\t<div class=\"elementor-element elementor-element-4887c44 elementor-widget elementor-widget-heading\" data-id=\"4887c44\" data-element_type=\"widget\" data-e-type=\"widget\" data-widget_type=\"heading.default\">\n\t\t\t\t<div class=\"elementor-widget-container\">\n\t\t\t\t\t<h2 class=\"elementor-heading-title elementor-size-default\">Lehrer und Mitarbeiter<\/h2>\t\t\t\t<\/div>\n\t\t\t\t<\/div>\n\t\t\t\t\t<\/div>\n\t\t\t\t<\/div>\n\t\t<div class=\"elementor-element elementor-element-e03e4a0 e-flex e-con-boxed e-con e-parent\" data-id=\"e03e4a0\" data-element_type=\"container\" data-e-type=\"container\">\n\t\t\t\t\t<div class=\"e-con-inner\">\n\t\t<div class=\"elementor-element elementor-element-aa8e568 e-con-full e-flex e-con e-child\" data-id=\"aa8e568\" data-element_type=\"container\" data-e-type=\"container\">\n\t\t\t\t<div class=\"elementor-element elementor-element-df4706f elementor-widget elementor-widget-text-editor\" data-id=\"df4706f\" data-element_type=\"widget\" data-e-type=\"widget\" data-widget_type=\"text-editor.default\">\n\t\t\t\t<div class=\"elementor-widget-container\">\n\t\t\t\t\t\t\t\t\t<p>Annika von St\u00fcnzner-Heymann<br \/>Susanne J\u00e4ger<\/p><p>Gabi Treffert<\/p><p>Nora Bewer<\/p><p>Anja Hamel<\/p><p>Sara Nichelatti<\/p><p>Cathrin Jaeschke<\/p><p>Sabine Brunner<\/p><p>Eva-Kathrin Reichert<\/p><p>Svenja Burghardt<\/p><p>Silvia Cavia<\/p><p>Tina Osterloh<\/p><p>Kerstin M\u00fcller<\/p><p>Evelyn Still<\/p><p>Vivian Lauth<\/p><p>Susanne Merz<\/p><p>Dr. Friederike Krelaus<\/p><p>Kurban Kurbanov<\/p><p><span style=\"font-size: 20px; color: var( --e-global-color-text ); text-align: var(--text-align);\">Annette Kapp<\/span><\/p><p>Alexander Grau\u00a0<\/p><p>Eugen Schiffmann<\/p><p><span style=\"font-size: 20px; color: var( --e-global-color-text ); text-align: var(--text-align);\">Olga Runihin<\/span><\/p><p><span style=\"font-size: 20px; color: var( --e-global-color-text ); text-align: var(--text-align);\">Timo Favella\u00a0<\/span><\/p><p><span style=\"font-size: 20px; color: var( --e-global-color-text ); text-align: var(--text-align);\">Thomas Kapp<\/span><\/p><p><span style=\"font-size: 20px; color: var( --e-global-color-text ); text-align: var(--text-align);\">Iris Friedrich<\/span><\/p><p><span style=\"font-size: 20px; color: var( --e-global-color-text ); text-align: var(--text-align);\">Melanie Schaal<\/span><\/p><p>\u00a0<\/p>\t\t\t\t\t\t\t\t<\/div>\n\t\t\t\t<\/div>\n\t\t\t\t<\/div>\n\t\t<div class=\"elementor-element elementor-element-c89fa03 e-con-full e-flex e-con e-child\" data-id=\"c89fa03\" data-element_type=\"container\" data-e-type=\"container\">\n\t\t\t\t<div class=\"elementor-element elementor-element-333a4ad elementor-widget elementor-widget-text-editor\" data-id=\"333a4ad\" data-element_type=\"widget\" data-e-type=\"widget\" data-widget_type=\"text-editor.default\">\n\t\t\t\t<div class=\"elementor-widget-container\">\n\t\t\t\t\t\t\t\t\t<p>Schulleiterin<br \/>Konrektorin<br \/>Schulsekret\u00e4rin<br \/>Lehrerin<br \/>Lehrerin<br \/>Lehrerin<br \/>Lehrerin<br \/>Lehrerin<br \/>Lehrerin<br \/>Lehrerin<br \/>Lehrerin<\/p><p>Lehrerin<br \/>Lehrerin der Regionalen Betreuungs- und Unterst\u00fctzungsstelle (REBUS)<br \/>Lehrerin der Regionalen Betreuungs- und Unterst\u00fctzungsstelle (REBUS)<br \/>UBUS-Kraft, Schulsozialarbeit<br \/>Lehrerin<br \/>Lehrerin<br \/>Lehrerin<br \/>Hausmeister<\/p><p><span style=\"font-size: 20px; color: var( --e-global-color-text ); text-align: var(--text-align);\">Leitung Betreuung \u201eWilde Horde\u201c<\/span><\/p><p>Stellvertreter&amp; p\u00e4d. Mitarbeiter<br \/>P\u00e4d. Mitarbeiter<br \/>P\u00e4d. Mitarbeiterin<br \/>P\u00e4d. Mitarbeiter<br \/>P\u00e4d. Mitarbeiter<\/p><p>P\u00e4d. Mitarbeiter<br \/>P\u00e4d. Mitarbeiterin\u00a0<\/p><p>Mitarbeiterin K\u00fcche<\/p>\t\t\t\t\t\t\t\t<\/div>\n\t\t\t\t<\/div>\n\t\t\t\t<\/div>\n\t\t\t\t\t<\/div>\n\t\t\t\t<\/div>\n\t\t\t\t<\/div>\n\t\t","protected":false},"excerpt":{"rendered":"<p>Lehrer und Mitarbeiter Annika von St\u00fcnzner-HeymannSusanne J\u00e4ger Gabi Treffert Nora Bewer Anja Hamel Sara Nichelatti Cathrin Jaeschke Sabine Brunner Eva-Kathrin Reichert Svenja Burghardt Silvia Cavia Tina Osterloh Kerstin M\u00fcller Evelyn Still Vivian Lauth Susanne Merz Dr. Friederike Krelaus Kurban Kurbanov Annette Kapp Alexander Grau\u00a0 Eugen Schiffmann Olga Runihin Timo Favella\u00a0 Thomas Kapp Iris Friedrich Melanie [&hellip;]<\/p>\n","protected":false},"author":1,"featured_media":0,"parent":0,"menu_order":0,"comment_status":"closed","ping_status":"closed","template":"","meta":{"footnotes":""},"class_list":["post-204","page","type-page","status-publish","hentry","entry"],"yoast_head":"<!-- This site is optimized with the Yoast SEO plugin v27.1.1 - https:\/\/yoast.com\/product\/yoast-seo-wordpress\/ -->\n<title>Lehrkr\u00e4fte - Viktoria Schule Sch\u00f6nberg<\/title>\n<meta name=\"robots\" content=\"index, follow, max-snippet:-1, max-image-preview:large, max-video-preview:-1\" \/>\n<link rel=\"canonical\" href=\"https:\/\/viktoria-schule-schoenberg.de\/?page_id=204\" \/>\n<meta property=\"og:locale\" content=\"de_DE\" \/>\n<meta property=\"og:type\" content=\"article\" \/>\n<meta property=\"og:title\" content=\"Lehrkr\u00e4fte - Viktoria Schule Sch\u00f6nberg\" \/>\n<meta property=\"og:description\" content=\"Lehrer und Mitarbeiter Annika von St\u00fcnzner-HeymannSusanne J\u00e4ger Gabi Treffert Nora Bewer Anja Hamel Sara Nichelatti Cathrin Jaeschke Sabine Brunner Eva-Kathrin Reichert Svenja Burghardt Silvia Cavia Tina Osterloh Kerstin M\u00fcller Evelyn Still Vivian Lauth Susanne Merz Dr. Friederike Krelaus Kurban Kurbanov Annette Kapp Alexander Grau\u00a0 Eugen Schiffmann Olga Runihin Timo Favella\u00a0 Thomas Kapp Iris Friedrich Melanie [&hellip;]\" \/>\n<meta property=\"og:url\" content=\"https:\/\/viktoria-schule-schoenberg.de\/?page_id=204\" \/>\n<meta property=\"og:site_name\" content=\"Viktoria Schule Sch\u00f6nberg\" \/>\n<meta property=\"article:modified_time\" content=\"2024-08-21T10:02:30+00:00\" \/>\n<meta name=\"twitter:card\" content=\"summary_large_image\" \/>\n<meta name=\"twitter:label1\" content=\"Gesch\u00e4tzte Lesezeit\" \/>\n\t<meta name=\"twitter:data1\" content=\"1\u00a0Minute\" \/>\n<script type=\"application\/ld+json\" class=\"yoast-schema-graph\">{\"@context\":\"https:\/\/schema.org\",\"@graph\":[{\"@type\":\"WebPage\",\"@id\":\"https:\/\/viktoria-schule-schoenberg.de\/?page_id=204\",\"url\":\"https:\/\/viktoria-schule-schoenberg.de\/?page_id=204\",\"name\":\"Lehrkr\u00e4fte - Viktoria Schule Sch\u00f6nberg\",\"isPartOf\":{\"@id\":\"https:\/\/viktoria-schule-schoenberg.de\/#website\"},\"datePublished\":\"2024-08-15T11:58:14+00:00\",\"dateModified\":\"2024-08-21T10:02:30+00:00\",\"breadcrumb\":{\"@id\":\"https:\/\/viktoria-schule-schoenberg.de\/?page_id=204#breadcrumb\"},\"inLanguage\":\"de\",\"potentialAction\":[{\"@type\":\"ReadAction\",\"target\":[\"https:\/\/viktoria-schule-schoenberg.de\/?page_id=204\"]}]},{\"@type\":\"BreadcrumbList\",\"@id\":\"https:\/\/viktoria-schule-schoenberg.de\/?page_id=204#breadcrumb\",\"itemListElement\":[{\"@type\":\"ListItem\",\"position\":1,\"name\":\"Startseite\",\"item\":\"https:\/\/viktoria-schule-schoenberg.de\/\"},{\"@type\":\"ListItem\",\"position\":2,\"name\":\"Lehrkr\u00e4fte\"}]},{\"@type\":\"WebSite\",\"@id\":\"https:\/\/viktoria-schule-schoenberg.de\/#website\",\"url\":\"https:\/\/viktoria-schule-schoenberg.de\/\",\"name\":\"Viktoria Schule Sch\u00f6nberg\",\"description\":\"\",\"potentialAction\":[{\"@type\":\"SearchAction\",\"target\":{\"@type\":\"EntryPoint\",\"urlTemplate\":\"https:\/\/viktoria-schule-schoenberg.de\/?s={search_term_string}\"},\"query-input\":{\"@type\":\"PropertyValueSpecification\",\"valueRequired\":true,\"valueName\":\"search_term_string\"}}],\"inLanguage\":\"de\"}]}<\/script>\n<!-- \/ Yoast SEO plugin. -->","yoast_head_json":{"title":"Lehrkr\u00e4fte - Viktoria Schule Sch\u00f6nberg","robots":{"index":"index","follow":"follow","max-snippet":"max-snippet:-1","max-image-preview":"max-image-preview:large","max-video-preview":"max-video-preview:-1"},"canonical":"https:\/\/viktoria-schule-schoenberg.de\/?page_id=204","og_locale":"de_DE","og_type":"article","og_title":"Lehrkr\u00e4fte - Viktoria Schule Sch\u00f6nberg","og_description":"Lehrer und Mitarbeiter Annika von St\u00fcnzner-HeymannSusanne J\u00e4ger Gabi Treffert Nora Bewer Anja Hamel Sara Nichelatti Cathrin Jaeschke Sabine Brunner Eva-Kathrin Reichert Svenja Burghardt Silvia Cavia Tina Osterloh Kerstin M\u00fcller Evelyn Still Vivian Lauth Susanne Merz Dr. Friederike Krelaus Kurban Kurbanov Annette Kapp Alexander Grau\u00a0 Eugen Schiffmann Olga Runihin Timo Favella\u00a0 Thomas Kapp Iris Friedrich Melanie [&hellip;]","og_url":"https:\/\/viktoria-schule-schoenberg.de\/?page_id=204","og_site_name":"Viktoria Schule Sch\u00f6nberg","article_modified_time":"2024-08-21T10:02:30+00:00","twitter_card":"summary_large_image","twitter_misc":{"Gesch\u00e4tzte Lesezeit":"1\u00a0Minute"},"schema":{"@context":"https:\/\/schema.org","@graph":[{"@type":"WebPage","@id":"https:\/\/viktoria-schule-schoenberg.de\/?page_id=204","url":"https:\/\/viktoria-schule-schoenberg.de\/?page_id=204","name":"Lehrkr\u00e4fte - Viktoria Schule Sch\u00f6nberg","isPartOf":{"@id":"https:\/\/viktoria-schule-schoenberg.de\/#website"},"datePublished":"2024-08-15T11:58:14+00:00","dateModified":"2024-08-21T10:02:30+00:00","breadcrumb":{"@id":"https:\/\/viktoria-schule-schoenberg.de\/?page_id=204#breadcrumb"},"inLanguage":"de","potentialAction":[{"@type":"ReadAction","target":["https:\/\/viktoria-schule-schoenberg.de\/?page_id=204"]}]},{"@type":"BreadcrumbList","@id":"https:\/\/viktoria-schule-schoenberg.de\/?page_id=204#breadcrumb","itemListElement":[{"@type":"ListItem","position":1,"name":"Startseite","item":"https:\/\/viktoria-schule-schoenberg.de\/"},{"@type":"ListItem","position":2,"name":"Lehrkr\u00e4fte"}]},{"@type":"WebSite","@id":"https:\/\/viktoria-schule-schoenberg.de\/#website","url":"https:\/\/viktoria-schule-schoenberg.de\/","name":"Viktoria Schule Sch\u00f6nberg","description":"","potentialAction":[{"@type":"SearchAction","target":{"@type":"EntryPoint","urlTemplate":"https:\/\/viktoria-schule-schoenberg.de\/?s={search_term_string}"},"query-input":{"@type":"PropertyValueSpecification","valueRequired":true,"valueName":"search_term_string"}}],"inLanguage":"de"}]}},"_links":{"self":[{"href":"https:\/\/viktoria-schule-schoenberg.de\/index.php?rest_route=\/wp\/v2\/pages\/204","targetHints":{"allow":["GET"]}}],"collection":[{"href":"https:\/\/viktoria-schule-schoenberg.de\/index.php?rest_route=\/wp\/v2\/pages"}],"about":[{"href":"https:\/\/viktoria-schule-schoenberg.de\/index.php?rest_route=\/wp\/v2\/types\/page"}],"author":[{"embeddable":true,"href":"https:\/\/viktoria-schule-schoenberg.de\/index.php?rest_route=\/wp\/v2\/users\/1"}],"replies":[{"embeddable":true,"href":"https:\/\/viktoria-schule-schoenberg.de\/index.php?rest_route=%2Fwp%2Fv2%2Fcomments&post=204"}],"version-history":[{"count":23,"href":"https:\/\/viktoria-schule-schoenberg.de\/index.php?rest_route=\/wp\/v2\/pages\/204\/revisions"}],"predecessor-version":[{"id":648,"href":"https:\/\/viktoria-schule-schoenberg.de\/index.php?rest_route=\/wp\/v2\/pages\/204\/revisions\/648"}],"wp:attachment":[{"href":"https:\/\/viktoria-schule-schoenberg.de\/index.php?rest_route=%2Fwp%2Fv2%2Fmedia&parent=204"}],"curies":[{"name":"wp","href":"https:\/\/api.w.org\/{rel}","templated":true}]}}